{"id":405,"date":"2023-09-08T15:25:51","date_gmt":"2023-09-08T15:25:51","guid":{"rendered":"https:\/\/benigal.eu\/index.php\/terms-privacy\/"},"modified":"2023-09-12T18:12:09","modified_gmt":"2023-09-12T18:12:09","slug":"terms-privacy","status":"publish","type":"page","link":"https:\/\/benigal.eu\/index.php\/terms-privacy\/","title":{"rendered":"Pol\u00edtica de privacidade e cookies"},"content":{"rendered":"\t\t<div data-elementor-type=\"wp-page\" data-elementor-id=\"405\" class=\"elementor elementor-405\" data-elementor-post-type=\"page\">\n\t\t\t\t<div class=\"elementor-element elementor-element-702b1a88 e-flex e-con-boxed e-con e-parent\" data-id=\"702b1a88\" data-element_type=\"container\" data-settings=\"{&quot;background_background&quot;:&quot;classic&quot;,&quot;container_type&quot;:&quot;flex&quot;,&quot;content_width&quot;:&quot;boxed&quot;}\" data-core-v316-plus=\"true\">\n\t\t\t\t\t<div class=\"e-con-inner\">\n\t\t\t\t<div class=\"elementor-element elementor-element-69384100 elementor-widget elementor-widget-heading\" data-id=\"69384100\" data-element_type=\"widget\" data-widget_type=\"heading.default\">\n\t\t\t\t<div class=\"elementor-widget-container\">\n\t\t\t<style>\/*! elementor - v3.19.0 - 07-02-2024 *\/\n.elementor-heading-title{padding:0;margin:0;line-height:1}.elementor-widget-heading .elementor-heading-title[class*=elementor-size-]>a{color:inherit;font-size:inherit;line-height:inherit}.elementor-widget-heading .elementor-heading-title.elementor-size-small{font-size:15px}.elementor-widget-heading .elementor-heading-title.elementor-size-medium{font-size:19px}.elementor-widget-heading .elementor-heading-title.elementor-size-large{font-size:29px}.elementor-widget-heading .elementor-heading-title.elementor-size-xl{font-size:39px}.elementor-widget-heading .elementor-heading-title.elementor-size-xxl{font-size:59px}<\/style><h2 class=\"elementor-heading-title elementor-size-default\">Pol\u00edtica de cookies<\/h2>\t\t<\/div>\n\t\t\t\t<\/div>\n\t\t\t\t<div class=\"elementor-element elementor-element-24261bf5 elementor-widget elementor-widget-text-editor\" data-id=\"24261bf5\" data-element_type=\"widget\" data-widget_type=\"text-editor.default\">\n\t\t\t\t<div class=\"elementor-widget-container\">\n\t\t\t<style>\/*! elementor - v3.19.0 - 07-02-2024 *\/\n.elementor-widget-text-editor.elementor-drop-cap-view-stacked .elementor-drop-cap{background-color:#69727d;color:#fff}.elementor-widget-text-editor.elementor-drop-cap-view-framed .elementor-drop-cap{color:#69727d;border:3px solid;background-color:transparent}.elementor-widget-text-editor:not(.elementor-drop-cap-view-default) .elementor-drop-cap{margin-top:8px}.elementor-widget-text-editor:not(.elementor-drop-cap-view-default) .elementor-drop-cap-letter{width:1em;height:1em}.elementor-widget-text-editor .elementor-drop-cap{float:left;text-align:center;line-height:1;font-size:50px}.elementor-widget-text-editor .elementor-drop-cap-letter{display:inline-block}<\/style>\t\t\t\t<h5>Pol\u00edtica de cookies?<\/h5><p>A Benigal utiliza, no seu Website, cookies que permitem melhorar o desempenho e a experi\u00eancia de navega\u00e7\u00e3o dos nossos utilizadores, aumentando, por um lado, a rapidez e efici\u00eancia de resposta e, por outro, eliminando a necessidade de introduzir repetidamente as mesmas informa\u00e7\u00f5es. <br \/>Ao aceitares a Pol\u00edtica de Cookies da Benigal dever\u00e1s ter em considera\u00e7\u00e3o que a utiliza\u00e7\u00e3o de cookies possibilita a personaliza\u00e7\u00e3o da utiliza\u00e7\u00e3o e a apresenta\u00e7\u00e3o de servi\u00e7os e ofertas adaptadas aos seus interesses. Podes alterar as tuas defini\u00e7\u00f5es de cookies a qualquer altura.<\/p><h5>O que s\u00e3o cookies?<\/h5><p><span style=\"color: var( --e-global-color-text ); font-family: var( --e-global-typography-text-font-family ), Sans-serif; font-size: var( --e-global-typography-text-font-size ); font-style: var( --e-global-typography-text-font-style ); font-weight: var( --e-global-typography-text-font-weight ); letter-spacing: var( --e-global-typography-text-letter-spacing ); text-transform: var( --e-global-typography-text-text-transform ); text-align: var(--text-align); background-color: var( --e-global-color-c696dce );\">Os cookies s\u00e3o pequenos ficheiros de texto enviados para o teu computador ou dispositivo m\u00f3vel quando visitas websites. Os cookies ajudam os websites a armazenar e recuperar informa\u00e7\u00e3o sobre os teus h\u00e1bitos de navega\u00e7\u00e3o por forma a personalizar a navega\u00e7\u00e3o de acordo com as tuas prefer\u00eancias.<\/span><\/p><p>Os cookies podem ser categorizados face ao prop\u00f3sito que servem. Existem cookies que s\u00e3o estritamente necess\u00e1rios ao funcionamento dos websites, enquanto outros recolhem informa\u00e7\u00e3o estat\u00edstica com o intuito de analisar a utiliza\u00e7\u00e3o dos websites e respetivo desempenho; ou para assegurar a disponibiliza\u00e7\u00e3o de funcionalidades adicionais aos websites; ou at\u00e9 para guardar as prefer\u00eancias do visitante relativamente \u00e0 navega\u00e7\u00e3o nos mesmos. Outros cookies podem ainda servir para medir o sucesso de aplica\u00e7\u00f5es e a efic\u00e1cia da publicidade de terceiros.<\/p><h5>Como posso gerir as cookies?<\/h5><p>Com exce\u00e7\u00e3o dos cookies estritamente necess\u00e1rios ao desempenho dos websites, o armazenamento de outros cookies depender\u00e1 sempre da aceita\u00e7\u00e3o e consentimento do utilizador.<\/p><p>\u00a0<\/p><h5>Transfer\u00eancia de dados para pa\u00edses terceiros \u00e0 Uni\u00e3o Europeia<\/h5><p><br \/>A utiliza\u00e7\u00e3o de determinados Cookies poder\u00e1 implicar a transfer\u00eancia de dados pessoais para um pa\u00eds terceiro \u00e0 Uni\u00e3o Europeia. A Benigal garante que verifica o grau de maturidade do pa\u00eds de destino e adota as garantias adequadas, contratuais ou de outra natureza, para mitigar os riscos de cada transfer\u00eancia de dados pessoais. Nomeadamente, as transfer\u00eancias de dados pessoais para pa\u00edses terceiros \u00e0 Uni\u00e3o Europeia ocorrer\u00e3o para pa\u00edses que beneficiam de uma decis\u00e3o de adequa\u00e7\u00e3o da Comiss\u00e3o Europeia ou se estiverem implementadas as Cl\u00e1usulas Contratuais-Tipo aprovadas pela Comiss\u00e3o Europeia.<\/p>\t\t\t\t\t\t<\/div>\n\t\t\t\t<\/div>\n\t\t\t\t\t<\/div>\n\t\t\t\t<\/div>\n\t\t<div class=\"elementor-element elementor-element-ccfc7c0 e-flex e-con-boxed e-con e-parent\" data-id=\"ccfc7c0\" data-element_type=\"container\" data-settings=\"{&quot;background_background&quot;:&quot;classic&quot;,&quot;container_type&quot;:&quot;flex&quot;,&quot;content_width&quot;:&quot;boxed&quot;}\" data-core-v316-plus=\"true\">\n\t\t\t\t\t<div class=\"e-con-inner\">\n\t\t\t\t<div class=\"elementor-element elementor-element-44e022df elementor-widget elementor-widget-heading\" data-id=\"44e022df\" data-element_type=\"widget\" data-widget_type=\"heading.default\">\n\t\t\t\t<div class=\"elementor-widget-container\">\n\t\t\t<h2 class=\"elementor-heading-title elementor-size-default\">Privacy & Cookies<\/h2>\t\t<\/div>\n\t\t\t\t<\/div>\n\t\t\t\t<div class=\"elementor-element elementor-element-5f2e78f4 elementor-widget elementor-widget-text-editor\" data-id=\"5f2e78f4\" data-element_type=\"widget\" data-widget_type=\"text-editor.default\">\n\t\t\t\t<div class=\"elementor-widget-container\">\n\t\t\t\t\t\t\t<h5>Respons\u00e1vel pelo tratamento dos teus dados pessoais<\/h5><p>A BENIGAL SOCIEDADE UNIPESSOAL LDA (BENIGAL), com sede na Rua Vale de Ajuda Edificios Jardins Forum Plaza II LJ53 R\/C 9000-160 Funchal Ilha da Madeira, registada na Conservat\u00f3ria do Registo Comercial sob o n\u00famero \u00fanico de matricula e de pessoa coletiva 515056820, recolhe e processa os dados pessoais que nos tenhas disponibilizado, enquanto cliente ou futuro cliente, ou atrav\u00e9s da utiliza\u00e7\u00e3o da nossa p\u00e1gina web.<br \/>Esta Pol\u00edtica de Privacidade \u00e9 redigida em conformidade com o Regulamento (UE) 2016\/679, sobre a Prote\u00e7\u00e3o de Dados, e demais legisla\u00e7\u00e3o aplic\u00e1vel sobre a mat\u00e9ria. Esta Pol\u00edtica de Privacidade visa, em exclusivo, os residentes na Uni\u00e3o Europeia que utilizam a nossa p\u00e1gina web, e tem por finalidade esclarecer que tipo de informa\u00e7\u00e3o pessoal que nos \u00e9 disponibilizada, bem como o uso que lhe \u00e9 dado pela BENIGAL no \u00e2mbito da respetiva atividade de com\u00e9rcio de bens e\/ou presta\u00e7\u00e3o de servi\u00e7os.<br \/>A BENIGAL comercializa bens e presta servi\u00e7os aos seus clientes. Consequentemente, a BENIGAL \u00e9 a respons\u00e1vel pelo tratamento dos dados, nos termos previstos no Regulamento Geral sobre a Prote\u00e7\u00e3o de Dados. Inclu\u00edmos nesta Pol\u00edtica de Privacidade um resumo dos teus direitos, para que possas controlar a forma como utilizamos a tua informa\u00e7\u00e3o pessoal. A BENIGAL informar-te-\u00e1 sobre qualquer atualiza\u00e7\u00e3o que possa afetar o tratamento dos seus dados pessoais. As tuas compras peri\u00f3dicas, realizadas nas nossa loja e\/ou atrav\u00e9s da nossa p\u00e1gina web, e\/ou a utiliza\u00e7\u00e3o dos nossos servi\u00e7os, indicam que conheces as atualiza\u00e7\u00f5es que fa\u00e7amos a esta Pol\u00edtica de Privacidade.<\/p><p>\u00a0<\/p><h5>Que informa\u00e7\u00e3o pessoal nos \u00e9 disponibilizada?<\/h5><p>A tua informa\u00e7\u00e3o pessoal inclui qualquer informa\u00e7\u00e3o que se relacione contigo, que te identifique ou que permita a tua identifica\u00e7\u00e3o. Esta informa\u00e7\u00e3o inclui o teu nome, morada, telefone fixo\/m\u00f3vel, e-mail, informa\u00e7\u00e3o relativa a pagamentos, hist\u00f3rico de compras, destinat\u00e1rio das compras, endere\u00e7os de entrega, etc.<\/p><p>\u00a0<\/p><h5>De onde prov\u00eam os teus dados pessoais?<\/h5><p>Recolhemos diversos tipos de informa\u00e7\u00e3o pessoal proveniente de diversas fontes, como, por exemplo:<\/p><p>A informa\u00e7\u00e3o que nos disponibilizas aquando da cria\u00e7\u00e3o de uma nova conta na nossa p\u00e1gina web;<\/p><p>A informa\u00e7\u00e3o que nos disponibilizas quando te registas na nossa p\u00e1gina web para comprar os produtos que nos solicitas;<\/p><p>A informa\u00e7\u00e3o que recolhemos sobre o uso que fazes dos nossos servi\u00e7os, ofertas e promo\u00e7\u00f5es;<\/p><p>A informa\u00e7\u00e3o sobre o uso que fazes da nossa p\u00e1gina web, aplica\u00e7\u00f5es e quaisquer atividades promocionais relacionadas.<\/p><p>\u00a0<\/p><h5>Com que finalidade tratamos os teus dados?<\/h5><p>Toda a informa\u00e7\u00e3o pessoal que recolhemos \u00e9 utilizada com o objetivo de te proporcionar os produtos que nos solicitaste ou para um terceiro de que nos informe, para que possamos cumprir com as nossas obriga\u00e7\u00f5es contratuais de presta\u00e7\u00e3o de servi\u00e7os, bem como para gerir a tua conta pessoal. Por favor, tenhas em aten\u00e7\u00e3o que a tua resposta negativa ou obje\u00e7\u00e3o de proporcionar a informa\u00e7\u00e3o pessoal necess\u00e1ria ao cumprimento destas finalidades poder\u00e1 impedir a BENIGAL de prestar qualquer um dos mencionados servi\u00e7os.<\/p><p>Gostar\u00edamos de utilizar o teu nome e endere\u00e7o de correio eletr\u00f3nico para informar-te tamb\u00e9m acerca dos nossos produtos, servi\u00e7os, ofertas e promo\u00e7\u00f5es, bem como para te enviar cup\u00f5es de desconto para trocar por produtos que comercializamos. Desta forma, ap\u00f3s efetuar uma compra atrav\u00e9s da nossa p\u00e1gina web ou na nossa loja, poderemos enviar-te comunica\u00e7\u00f5es de marketing, publicit\u00e1rias ou promocionais sobre produtos semelhantes aos que adquiriste, para que estejas atualizado em rela\u00e7\u00e3o \u00e0s nossas novidades e atividades. Tens o direito de revogar este consentimento em cada comunica\u00e7\u00e3o eletr\u00f3nica, atrav\u00e9s de correio eletr\u00f3nico ou atrav\u00e9s da nossa p\u00e1gina web.<\/p><p>\u00a0<\/p><h5>Durante quanto tempo conservamos os teus dados?<\/h5><p>Conservamos os teus dados pessoais durante o per\u00edodo de tempo pelo qual dure a rela\u00e7\u00e3o comercial com a BENIGAL e durante os quatro anos posteriores \u00e0 \u00faltima compra efetuada. Findo este per\u00edodo, toda a tua informa\u00e7\u00e3o pessoal ser\u00e1 automaticamente eliminada.<\/p><p>\u00a0<\/p><h5>Qual a nossa legitimidade para o tratamento dos teus dados?<\/h5><p>Em concreto, tratamos dos teus dados com base nos nossos leg\u00edtimos interesses comerciais, para permitir a gest\u00e3o de qualquer assunto t\u00e9cnico ou satisfazer qualquer pedido de apoio que possa surgir, para que possamos cumprir com as nossas obriga\u00e7\u00f5es comerciais, legais e contratuais. Adicionalmente, os nossos leg\u00edtimos interesses, ou os de terceiros, podem impor-nos a obriga\u00e7\u00e3o de utilizar a tua informa\u00e7\u00e3o pessoal em processos judiciais ou para outras finalidades legais que possam afetar a BENIGAL, o que pode incluir a necessidade de transmiss\u00e3o da tua informa\u00e7\u00e3o pessoal a pa\u00edses terceiros cuja legisla\u00e7\u00e3o ao n\u00edvel da prote\u00e7\u00e3o de dados seja pouco exigente. Neste caso, ser\u00e3o tomadas as medidas adequadas para proteger a tua informa\u00e7\u00e3o pessoal, conforme exigido pelo Regulamento Geral sobre a Prote\u00e7\u00e3o de Dados.<\/p><p>A BENIGAL salvaguarda a privacidade e a seguran\u00e7a das categorias especiais de informa\u00e7\u00e3o em conformidade com o exigido pelo Regulamento Geral sobre a Prote\u00e7\u00e3o de Dados.<\/p><p>Tamb\u00e9m utilizamos a tua informa\u00e7\u00e3o com finalidades publicit\u00e1rias, promocionais e\/ou de marketing. Consequentemente, caso n\u00e3o tenhas adquirido nenhum produto atrav\u00e9s da nossa p\u00e1gina web, deves dar-nos o teu consentimento para receber comunica\u00e7\u00f5es para este efeito. Em qualquer momento, podes manifestar a tua vontade de n\u00e3o receber mais comunica\u00e7\u00f5es com a mencionada finalidade, ainda que anteriormente tenha prestado o teu consentimento para tal.<br \/>Temos tamb\u00e9m legitimidade para tratar a tua informa\u00e7\u00e3o pessoal com a finalidade de cumprir com as nossas obriga\u00e7\u00f5es contratuais e legais, sempre em conformidade com o Regulamento Geral sobre a Prote\u00e7\u00e3o de Dados.<\/p><p>\u00a0<\/p><h5>A que destinat\u00e1rios comunicamos os teus dados?<\/h5><p>Caso, em algum momento, enviemos a tua informa\u00e7\u00e3o pessoal a entidade que possa estar localizada fora da Uni\u00e3o Europeia, proporcionaremos um n\u00edvel adequado de prote\u00e7\u00e3o da tua informa\u00e7\u00e3o pessoal, incluindo medidas de seguran\u00e7a, t\u00e9cnicas e organizativas apropriadas, atrav\u00e9s da celebra\u00e7\u00e3o de protocolos de transmiss\u00e3o apropriados, que assegurem a conformidade dessa transmiss\u00e3o com a legisla\u00e7\u00e3o aplic\u00e1vel.<\/p><p>A tua informa\u00e7\u00e3o pessoal \u00e9 tratada por entidades localizadas na Uni\u00e3o Europeia, e armazenada em servidores situados no mencionado territ\u00f3rio.<\/p><p>N\u00e3o permitimos que nenhum terceiro tenha acesso \u00e0 tua informa\u00e7\u00e3o pessoal, exceto quando tal seja exigido ou permitido pela legisla\u00e7\u00e3o aplic\u00e1vel, nos termos da presente Pol\u00edtica de Privacidade. Podemos comunicar a tua informa\u00e7\u00e3o pessoal aos nossos subcontratados, agentes ou prestadores de servi\u00e7os de pagamento, contratados para nos auxiliar na nossa atividade de presta\u00e7\u00e3o de servi\u00e7os, com a condi\u00e7\u00e3o de que os ditos subcontratados ou agentes consintam, por escrito, que cumprir\u00e3o com os n\u00edveis de seguran\u00e7a e privacidade descritos na presente Pol\u00edtica de Privacidade. Caso o destinat\u00e1rio esteja localizado num pa\u00eds no qual n\u00e3o existam leis de Prote\u00e7\u00e3o de Dados adequadas e n\u00e3o esteja certificado ao abrigo de uma \u201cPrivacy Shield\u201d, ser\u00e3o formalizadas cl\u00e1usulas contratuais padronizadas para proteger a tua informa\u00e7\u00e3o pessoal transmitida nos termos aprovados pela Comiss\u00e3o Europeia.<\/p><p>Poder\u00e3o existir outras situa\u00e7\u00f5es em que estaremos habilitados a facultar a terceiros a tua informa\u00e7\u00e3o pessoal:<\/p><p>Para satisfazer os teus pedidos e\/ou prestar servi\u00e7os, promo\u00e7\u00f5es ou ofertas nas quais haja participado;<\/p><p>Para dar cumprimento \u00e0 Lei, intervir em procedimento judicial, dar satisfa\u00e7\u00e3o a qualquer pedido de informa\u00e7\u00e3o proveniente de organismo p\u00fablico de natureza reguladora ou para dar cumprimento a qualquer outra finalidade legal;<\/p><p>No \u00e2mbito dos contratos de colabora\u00e7\u00e3o que tenhamos celebrado com prestadores de servi\u00e7os e\/ou produtos relacionados com a nossa atividade, em cumprimento com os pressupostos de prote\u00e7\u00e3o exigidos, com a finalidade que possas receber informa\u00e7\u00f5es e\/ou promo\u00e7\u00f5es relativas a estes prestadores de servi\u00e7os. Podes informar-nos, a qualquer momento, que n\u00e3o desejas receber comunica\u00e7\u00f5es com a mencionada finalidade, ainda que anteriormente tenhas prestado o seu consentimento para este fim.<\/p><p>Para prote\u00e7\u00e3o dos direitos, propriedade ou seguran\u00e7a da BENIGAL, seus s\u00f3cios, clientes ou qualquer direito ou leg\u00edtimo interesse da BENIGAL, nos termos previstos no Regulamento Geral sobre a Prote\u00e7\u00e3o de Dados;<\/p><p>A tua informa\u00e7\u00e3o pessoal poder\u00e1 ser partilhada com outras entidades comerciais em caso de venda, cess\u00e3o, fus\u00e3o ou outra forma de transmiss\u00e3o, no todo ou em parte, do neg\u00f3cio da BENIGAL a tal entidade comercial. A BENIGAL tamb\u00e9m pode comunicar os teus dados pessoais \u00e0s autoridades que os tenham solicitado.<br \/>Em qualquer caso, quando seja necess\u00e1rio partilhar a tua informa\u00e7\u00e3o pessoal com terceiros, restringiremos a natureza e as categorias da informa\u00e7\u00e3o pessoal a prestar. Podemos reidentificar a tua informa\u00e7\u00e3o pessoal para proteger a tua privacidade.<\/p><p>\u00a0<\/p><h5>Como protegemos a tua informa\u00e7\u00e3o pessoal?<\/h5><p>A BENIGAL considera essencial que o armazenamento de dados se processe de forma segura. A BENIGAL armazena a informa\u00e7\u00e3o pessoal e outros dados com recurso a medidas de prote\u00e7\u00e3o f\u00edsicas, t\u00e9cnicas e administrativas razo\u00e1veis para efeitos de prote\u00e7\u00e3o dos dados contra riscos previs\u00edveis, tais como a utiliza\u00e7\u00e3o n\u00e3o autorizada, acesso, revela\u00e7\u00e3o, destrui\u00e7\u00e3o ou modifica\u00e7\u00e3o. Ainda que pratiquemos todos os esfor\u00e7os razoavelmente exig\u00edveis para armazenar a informa\u00e7\u00e3o que obtemos num ambiente operativo seguro, n\u00e3o dispon\u00edvel ao p\u00fablico em geral, n\u00e3o podemos garantir a respetiva seguran\u00e7a integral. Apesar de trabalharmos para assegurar a integridade e a seguran\u00e7a da nossa rede e sistemas, n\u00e3o podemos, por\u00e9m, garantir que as nossas medidas de seguran\u00e7a previnam hackers de obter ilegalmente esta informa\u00e7\u00e3o.<\/p><p>\u00a0<\/p><h5>Quais s\u00e3o os teus direitos caso nos disponibilize os teus dados?<\/h5><p>Ao abrigo do disposto no Regulamento Geral sobre a Prote\u00e7\u00e3o de Dados, enquanto titular dos dados, tens os seguintes direitos relacionados com a tua informa\u00e7\u00e3o pessoal:<\/p><p>Direito de aceder aos teus dados e de assegurar que a sua informa\u00e7\u00e3o pessoal \u00e9 exata;<\/p><p>Direito de Informa\u00e7\u00e3o, que consiste no direito em ser informado pela BENIGAL entre outros aspectos, sobre a finalidade do tratamento dos dados, a quem podem os mesmos ser comunicados, quais os direitos que te assistem e em que condi\u00e7\u00f5es os podes exercer, bem como quais os dados que t\u00eam de ser fornecidos obrigatoriamente;<\/p><p>Direito de, a qualquer momento, revogar o consentimento prestado anteriormente para o processamento dos teus dados pessoais (a revoga\u00e7\u00e3o n\u00e3o afeta a legalidade do tratamento baseado em consentimento dado previamente \u00e0 revoga\u00e7\u00e3o)<\/p><p>Direito de se opor ao tratamento da tua informa\u00e7\u00e3o pessoal, incluindo para qualquer a\u00e7\u00e3o com efeitos de marketing direto;<\/p><p>Direito a solicitar qualquer corre\u00e7\u00e3o dos teus dados pessoais ou a elimina\u00e7\u00e3o da tua informa\u00e7\u00e3o pessoal;<\/p><p>Direito de solicitar que seja restringido o tratamento da tua informa\u00e7\u00e3o pessoal (o exerc\u00edcio deste direito pode, no entanto, prejudicar a nossa capacidade de lhe proporcionar os nossos bens e\/ou servi\u00e7os);<\/p><p>Para exercer estes direitos, por favor entra em contacto com o nosso Data Protection Officer no seguinte endere\u00e7o de correio eletr\u00f3nico: marketing@benigal.pt. Se desejas apresentar uma reclama\u00e7\u00e3o sobre a forma como gerimos a tua informa\u00e7\u00e3o pessoal, poder\u00e1s entrar em contacto com o nosso Data Protection Officer, que investigar\u00e1 o assunto e responder\u00e1 tempestivamente. Caso tenhas alguma quest\u00e3o sobre a presente Pol\u00edtica de Privacidade ou sobre a forma como gerimos a tua informa\u00e7\u00e3o pessoal, por favor entra em contacto com o nosso Data Protection Officer.<br \/>Poder\u00e1s, ainda, caso o pretendas, apresentar reclama\u00e7\u00f5es ou pedidos de informa\u00e7\u00e3o junto da Comiss\u00e3o Nacional de Protec\u00e7\u00e3o Dados.<\/p>\t\t\t\t\t\t<\/div>\n\t\t\t\t<\/div>\n\t\t\t\t\t<\/div>\n\t\t\t\t<\/div>\n\t\t\t\t<\/div>\n\t\t","protected":false},"excerpt":{"rendered":"<p>Pol\u00edtica de cookies Pol\u00edtica de cookies? A Benigal utiliza, no seu Website, cookies que permitem melhorar o desempenho e a experi\u00eancia de navega\u00e7\u00e3o dos nossos utilizadores, aumentando, por um lado, a rapidez e efici\u00eancia de resposta e, por outro, eliminando a necessidade de introduzir repetidamente as mesmas informa\u00e7\u00f5es. Ao aceitares a Pol\u00edtica de Cookies da [&hellip;]<\/p>\n","protected":false},"author":1,"featured_media":0,"parent":0,"menu_order":0,"comment_status":"closed","ping_status":"closed","template":"elementor_header_footer","meta":{"footnotes":""},"jetpack_sharing_enabled":true,"_links":{"self":[{"href":"https:\/\/benigal.eu\/index.php\/wp-json\/wp\/v2\/pages\/405"}],"collection":[{"href":"https:\/\/benigal.eu\/index.php\/wp-json\/wp\/v2\/pages"}],"about":[{"href":"https:\/\/benigal.eu\/index.php\/wp-json\/wp\/v2\/types\/page"}],"author":[{"embeddable":true,"href":"https:\/\/benigal.eu\/index.php\/wp-json\/wp\/v2\/users\/1"}],"replies":[{"embeddable":true,"href":"https:\/\/benigal.eu\/index.php\/wp-json\/wp\/v2\/comments?post=405"}],"version-history":[{"count":16,"href":"https:\/\/benigal.eu\/index.php\/wp-json\/wp\/v2\/pages\/405\/revisions"}],"predecessor-version":[{"id":1042,"href":"https:\/\/benigal.eu\/index.php\/wp-json\/wp\/v2\/pages\/405\/revisions\/1042"}],"wp:attachment":[{"href":"https:\/\/benigal.eu\/index.php\/wp-json\/wp\/v2\/media?parent=405"}],"curies":[{"name":"wp","href":"https:\/\/api.w.org\/{rel}","templated":true}]}}