{"id":1044,"date":"2023-09-14T14:04:56","date_gmt":"2023-09-14T14:04:56","guid":{"rendered":"https:\/\/benigal.eu\/?post_type=product&#038;p=1044"},"modified":"2023-09-14T14:04:56","modified_gmt":"2023-09-14T14:04:56","slug":"filtro-interior-aquario-tetra-in-300-plus","status":"publish","type":"product","link":"https:\/\/benigal.eu\/index.php\/product\/filtro-interior-aquario-tetra-in-300-plus\/","title":{"rendered":"Filtro Interior Aqu\u00e1rio Tetra IN 300 plus"},"content":{"rendered":"<p>Filtro interno para filtra\u00e7\u00e3o mec\u00e2nica, biol\u00f3gica e qu\u00edmica. IN 300 plus.<\/p>\n<p>Todos os filtros internos t\u00eam c\u00e2maras filtrantes divididas em dois; para um tamanho de aqu\u00e1rio de 10 a 40 litros.<\/p>\n<p>Assim, durante a limpeza, uma esponja filtrante pode permanecer sempre na c\u00e2mara filtrante &#8211; minimizando a perda de bact\u00e9rias \u00fateis.<\/p>\n<p>Com um dispositivo pr\u00e1tico de extra\u00e7\u00e3o do meio filtrante que permite um manuseio limpo; regula\u00e7\u00e3o cont\u00ednua da velocidade de fluxo para adapt\u00e1-la ao aqu\u00e1rio.<\/p>\n<p>Tornozelo de sa\u00edda vir\u00e1vel de 180 \u00b0; traz oxig\u00eanio adicional atrav\u00e9s do sistema Venturi regul\u00e1vel.<\/p>\n<p>Design elegante e compacto, precisa de pouco espa\u00e7o; f\u00e1cil de colocar por ventosas de grande estabilidade.<\/p>\n","protected":false},"excerpt":{"rendered":"<p>Filtro Interior Aqu\u00e1rio Tetra IN 300 plus 10 a 40 litros<\/p>\n","protected":false},"featured_media":1045,"template":"","meta":[],"product_cat":[57],"product_tag":[],"jetpack_sharing_enabled":true,"_links":{"self":[{"href":"https:\/\/benigal.eu\/index.php\/wp-json\/wp\/v2\/product\/1044"}],"collection":[{"href":"https:\/\/benigal.eu\/index.php\/wp-json\/wp\/v2\/product"}],"about":[{"href":"https:\/\/benigal.eu\/index.php\/wp-json\/wp\/v2\/types\/product"}],"wp:featuredmedia":[{"embeddable":true,"href":"https:\/\/benigal.eu\/index.php\/wp-json\/wp\/v2\/media\/1045"}],"wp:attachment":[{"href":"https:\/\/benigal.eu\/index.php\/wp-json\/wp\/v2\/media?parent=1044"}],"wp:term":[{"taxonomy":"product_cat","embeddable":true,"href":"https:\/\/benigal.eu\/index.php\/wp-json\/wp\/v2\/product_cat?post=1044"},{"taxonomy":"product_tag","embeddable":true,"href":"https:\/\/benigal.eu\/index.php\/wp-json\/wp\/v2\/product_tag?post=1044"}],"curies":[{"name":"wp","href":"https:\/\/api.w.org\/{rel}","templated":true}]}}