{"id":1049,"date":"2023-09-14T14:36:33","date_gmt":"2023-09-14T14:36:33","guid":{"rendered":"https:\/\/benigal.eu\/?post_type=product&#038;p=1049"},"modified":"2023-09-16T21:28:11","modified_gmt":"2023-09-16T21:28:11","slug":"monoculo-celestron-upclose-10x25-mm","status":"publish","type":"product","link":"https:\/\/benigal.eu\/index.php\/product\/monoculo-celestron-upclose-10x25-mm\/","title":{"rendered":"Mon\u00f3culo Celestron Upclose 10&#215;25 mm"},"content":{"rendered":"<p>Mon\u00f3culo 10 x 25 G2 alta precis\u00e3o ideal para a observa\u00e7\u00e3o de aves ou animais, com \u00f3ticas multirrevestida que aumentam a transmiss\u00e3o de luz.<\/p>\n<p>Ranhuras ergon\u00f3micas para o polegar e os dedos para maior conforto e facilidade de uso.<\/p>\n<p>Feito de alum\u00ednio e revestido de borracha que protege o dispositivo de manuseio brusco.<\/p>\n<p>Resistente \u00e0 \u00e1gua e \u00e9 transportado com um estojo macio onde fica bem guardado.<\/p>\n","protected":false},"excerpt":{"rendered":"<p>Celestron Monocular Upclose G2 10 x 25 mm preto<\/p>\n","protected":false},"featured_media":1054,"template":"","meta":[],"product_cat":[57,59],"product_tag":[],"jetpack_sharing_enabled":true,"_links":{"self":[{"href":"https:\/\/benigal.eu\/index.php\/wp-json\/wp\/v2\/product\/1049"}],"collection":[{"href":"https:\/\/benigal.eu\/index.php\/wp-json\/wp\/v2\/product"}],"about":[{"href":"https:\/\/benigal.eu\/index.php\/wp-json\/wp\/v2\/types\/product"}],"wp:featuredmedia":[{"embeddable":true,"href":"https:\/\/benigal.eu\/index.php\/wp-json\/wp\/v2\/media\/1054"}],"wp:attachment":[{"href":"https:\/\/benigal.eu\/index.php\/wp-json\/wp\/v2\/media?parent=1049"}],"wp:term":[{"taxonomy":"product_cat","embeddable":true,"href":"https:\/\/benigal.eu\/index.php\/wp-json\/wp\/v2\/product_cat?post=1049"},{"taxonomy":"product_tag","embeddable":true,"href":"https:\/\/benigal.eu\/index.php\/wp-json\/wp\/v2\/product_tag?post=1049"}],"curies":[{"name":"wp","href":"https:\/\/api.w.org\/{rel}","templated":true}]}}