{"id":1057,"date":"2023-09-14T14:53:36","date_gmt":"2023-09-14T14:53:36","guid":{"rendered":"https:\/\/benigal.eu\/?post_type=product&#038;p=1057"},"modified":"2023-09-14T14:56:33","modified_gmt":"2023-09-14T14:56:33","slug":"pacote-de-sementes-batlle-arvore-de-natal-picea-abies","status":"publish","type":"product","link":"https:\/\/benigal.eu\/index.php\/product\/pacote-de-sementes-batlle-arvore-de-natal-picea-abies\/","title":{"rendered":"Pacote de Sementes Batlle  \u00c1rvore de Natal &#8211; Picea Abies"},"content":{"rendered":"<p>Pacote de sementes da \u00e1rvore de Natal, 120 sementes por grama.<\/p>\n<p>Con\u00edfera conhecida como a t\u00edpica \u00e1rvore de Natal.<\/p>\n<p>De forma piramidal, cor verde e f\u00e1cil cultivo.<\/p>\n<p>Plantio no final do inverno e primavera.<\/p>\n<p>Flora\u00e7\u00e3o todo o ano.<\/p>\n","protected":false},"excerpt":{"rendered":"<p>Pacote de Sementes Batlle &#8211; \u00c1rvore de Natal &#8211; Picea Abies<\/p>\n","protected":false},"featured_media":1059,"template":"","meta":[],"product_cat":[15],"product_tag":[],"jetpack_sharing_enabled":true,"_links":{"self":[{"href":"https:\/\/benigal.eu\/index.php\/wp-json\/wp\/v2\/product\/1057"}],"collection":[{"href":"https:\/\/benigal.eu\/index.php\/wp-json\/wp\/v2\/product"}],"about":[{"href":"https:\/\/benigal.eu\/index.php\/wp-json\/wp\/v2\/types\/product"}],"wp:featuredmedia":[{"embeddable":true,"href":"https:\/\/benigal.eu\/index.php\/wp-json\/wp\/v2\/media\/1059"}],"wp:attachment":[{"href":"https:\/\/benigal.eu\/index.php\/wp-json\/wp\/v2\/media?parent=1057"}],"wp:term":[{"taxonomy":"product_cat","embeddable":true,"href":"https:\/\/benigal.eu\/index.php\/wp-json\/wp\/v2\/product_cat?post=1057"},{"taxonomy":"product_tag","embeddable":true,"href":"https:\/\/benigal.eu\/index.php\/wp-json\/wp\/v2\/product_tag?post=1057"}],"curies":[{"name":"wp","href":"https:\/\/api.w.org\/{rel}","templated":true}]}}