{"id":1066,"date":"2023-09-14T15:54:29","date_gmt":"2023-09-14T15:54:29","guid":{"rendered":"https:\/\/benigal.eu\/?post_type=product&#038;p=1066"},"modified":"2023-09-14T15:54:29","modified_gmt":"2023-09-14T15:54:29","slug":"pacote-de-sementes-horticolas-batlle-acelga-amarela-de-lyon-linda","status":"publish","type":"product","link":"https:\/\/benigal.eu\/index.php\/product\/pacote-de-sementes-horticolas-batlle-acelga-amarela-de-lyon-linda\/","title":{"rendered":"Pacote de Sementes hort\u00edcolas Batlle Acelga amarela de Lyon Linda"},"content":{"rendered":"<p>Pacote de sementes hort\u00edcolas Acelga amarela, 60 sementes por grama.<\/p>\n<p>Folha verde amarela, pencas muito largas e carnudas. Variedade muito r\u00fastica e muito lenta em espigar, por isso \u00e9 recomend\u00e1vel cultivo no ver\u00e3o<\/p>\n<p>Forma de cultivo: assento, enxaguando ap\u00f3s a nascen\u00e7a, ou transplante a semente numa moldura de 50 x 30 cm<\/p>\n<p>Semente: durante todo o ano, de prefer\u00eancia na primavera<\/p>\n<p>Colha: a partir de 100 dias<\/p>\n<p>Condi\u00e7\u00f5es de germina\u00e7\u00e3o: 10 a 12 dias Tempura do solo: 10 \u00b0C<\/p>\n","protected":false},"excerpt":{"rendered":"<p>Pacote de Sementes hort\u00edcolas Batlle Acelga amarela de Lyon Linda<\/p>\n","protected":false},"featured_media":1067,"template":"","meta":[],"product_cat":[15],"product_tag":[],"jetpack_sharing_enabled":true,"_links":{"self":[{"href":"https:\/\/benigal.eu\/index.php\/wp-json\/wp\/v2\/product\/1066"}],"collection":[{"href":"https:\/\/benigal.eu\/index.php\/wp-json\/wp\/v2\/product"}],"about":[{"href":"https:\/\/benigal.eu\/index.php\/wp-json\/wp\/v2\/types\/product"}],"wp:featuredmedia":[{"embeddable":true,"href":"https:\/\/benigal.eu\/index.php\/wp-json\/wp\/v2\/media\/1067"}],"wp:attachment":[{"href":"https:\/\/benigal.eu\/index.php\/wp-json\/wp\/v2\/media?parent=1066"}],"wp:term":[{"taxonomy":"product_cat","embeddable":true,"href":"https:\/\/benigal.eu\/index.php\/wp-json\/wp\/v2\/product_cat?post=1066"},{"taxonomy":"product_tag","embeddable":true,"href":"https:\/\/benigal.eu\/index.php\/wp-json\/wp\/v2\/product_tag?post=1066"}],"curies":[{"name":"wp","href":"https:\/\/api.w.org\/{rel}","templated":true}]}}