{"id":1075,"date":"2023-09-14T16:23:56","date_gmt":"2023-09-14T16:23:56","guid":{"rendered":"https:\/\/benigal.eu\/?post_type=product&#038;p=1075"},"modified":"2023-09-21T22:28:33","modified_gmt":"2023-09-21T22:28:33","slug":"pacote-de-sementes-arvore-de-coral-saflax-erythrina-crista-galli","status":"publish","type":"product","link":"https:\/\/benigal.eu\/index.php\/product\/pacote-de-sementes-arvore-de-coral-saflax-erythrina-crista-galli\/","title":{"rendered":"Pacote de Sementes \u00c1rvore de coral Saflax Erythrina crista galli"},"content":{"rendered":"<p>Pacote de 6 sementes.<\/p>\n<p>Qualidade alem\u00e3.<\/p>\n<p>Instru\u00e7\u00f5es detalhadas para propaga\u00e7\u00e3o bem-sucedida<\/p>\n<p>A \u00e1rvore do coral \u00e9 natural do Brasil, Paraguai, Bol\u00edvia e Argentina. L\u00e1 cresce muito em floresta, nas bordas dos rios. Em todo o mundo permite-se cultivar como uma planta ornamental.<\/p>\n<p>A planta nacional da Argentina pode ser cultivada em vaso e pode alcan\u00e7ar uma altura de 1,5 metros. No ver\u00e3o, desde junho a setembro, um mar em chamas com suas flores de borboleta vermelhas.<\/p>\n<p>Ao longo dos anos, desenvolve um tronco curto mas largo, com ramos compridos, elegantes e \u00e0s vezes com espigas.<\/p>\n","protected":false},"excerpt":{"rendered":"<p>Pacote de Sementes \u00c1rvore de coral SAFLAX Erythrina crista galli<\/p>\n","protected":false},"featured_media":1077,"template":"","meta":[],"product_cat":[15],"product_tag":[],"jetpack_sharing_enabled":true,"_links":{"self":[{"href":"https:\/\/benigal.eu\/index.php\/wp-json\/wp\/v2\/product\/1075"}],"collection":[{"href":"https:\/\/benigal.eu\/index.php\/wp-json\/wp\/v2\/product"}],"about":[{"href":"https:\/\/benigal.eu\/index.php\/wp-json\/wp\/v2\/types\/product"}],"wp:featuredmedia":[{"embeddable":true,"href":"https:\/\/benigal.eu\/index.php\/wp-json\/wp\/v2\/media\/1077"}],"wp:attachment":[{"href":"https:\/\/benigal.eu\/index.php\/wp-json\/wp\/v2\/media?parent=1075"}],"wp:term":[{"taxonomy":"product_cat","embeddable":true,"href":"https:\/\/benigal.eu\/index.php\/wp-json\/wp\/v2\/product_cat?post=1075"},{"taxonomy":"product_tag","embeddable":true,"href":"https:\/\/benigal.eu\/index.php\/wp-json\/wp\/v2\/product_tag?post=1075"}],"curies":[{"name":"wp","href":"https:\/\/api.w.org\/{rel}","templated":true}]}}