{"id":1076,"date":"2023-09-14T16:31:55","date_gmt":"2023-09-14T16:31:55","guid":{"rendered":"https:\/\/benigal.eu\/?post_type=product&#038;p=1076"},"modified":"2024-06-03T15:57:49","modified_gmt":"2024-06-03T15:57:49","slug":"radio-icom-vhf-ic-m330e","status":"publish","type":"product","link":"https:\/\/benigal.eu\/index.php\/product\/radio-icom-vhf-ic-m330e\/","title":{"rendered":"RADIO ICOM IC-M330E VHF"},"content":{"rendered":"<p>VHF Ultra Compacto de Alto Desempenho.<\/p>\n<p>Corpo Ultra Compacto, Instala\u00e7\u00e3o Flex\u00edvel.<\/p>\n<p>O IC-M330 \/ G possui um corpo compacto do tamanho da palma da m\u00e3o (L \u00d7 A \u00d7 P; 156,5 \u00d7 66,5 \u00d7 110,1 mm; 6,2 \u00d7 2,6 \u00d7 4,3 pol.).<\/p>\n<p>O r\u00e1dio pode ser instalado em espa\u00e7o limitado.<\/p>\n<p>DSC incorporado da classe D<\/p>\n<p>Interface NMEA comum para conex\u00e3o externa GPS \/ NAV<\/p>\n<p>Compat\u00edvel com transponder AIS MA-500TR Classe B<\/p>\n<p>Digitaliza\u00e7\u00e3o de tags e fun\u00e7\u00f5es de canal favoritas<\/p>\n<p>Fun\u00e7\u00e3o de rel\u00f3gio duplo \/ tri para monitorar CH16 e \/ ou canal de chamada<\/p>\n<p>Fun\u00e7\u00e3o de verifica\u00e7\u00e3o priorit\u00e1ria<\/p>\n<p>Luz de fundo da tela e do teclado<\/p>\n<p>Conex\u00e3o do alto-falante externo<\/p>\n<p>Canal meteorol\u00f3gico com alerta meteorol\u00f3gico<\/p>\n<p>Microfone de m\u00e3o fornecido, HM-235B \/ W, com teclas de canal para cima \/ baixo e uma tecla<br \/>\nde canal CH16 \/ Chamada<\/p>\n<p>Exibi\u00e7\u00e3o de canal de 3 ou 4 d\u00edgitos selecion\u00e1vel<\/p>\n<p>Acess\u00f3rios fornecidos<\/p>\n<p>Microfone de m\u00e3o HM-235B \/ W<\/p>\n<p>Cabo de alimenta\u00e7\u00e3o DC<\/p>\n<p>Kit de suporte de montagem<\/p>\n","protected":false},"excerpt":{"rendered":"<p>Icom IC-M330<\/p>\n","protected":false},"featured_media":1084,"template":"","meta":[],"product_cat":[15,55],"product_tag":[],"jetpack_sharing_enabled":true,"_links":{"self":[{"href":"https:\/\/benigal.eu\/index.php\/wp-json\/wp\/v2\/product\/1076"}],"collection":[{"href":"https:\/\/benigal.eu\/index.php\/wp-json\/wp\/v2\/product"}],"about":[{"href":"https:\/\/benigal.eu\/index.php\/wp-json\/wp\/v2\/types\/product"}],"wp:featuredmedia":[{"embeddable":true,"href":"https:\/\/benigal.eu\/index.php\/wp-json\/wp\/v2\/media\/1084"}],"wp:attachment":[{"href":"https:\/\/benigal.eu\/index.php\/wp-json\/wp\/v2\/media?parent=1076"}],"wp:term":[{"taxonomy":"product_cat","embeddable":true,"href":"https:\/\/benigal.eu\/index.php\/wp-json\/wp\/v2\/product_cat?post=1076"},{"taxonomy":"product_tag","embeddable":true,"href":"https:\/\/benigal.eu\/index.php\/wp-json\/wp\/v2\/product_tag?post=1076"}],"curies":[{"name":"wp","href":"https:\/\/api.w.org\/{rel}","templated":true}]}}