{"id":1095,"date":"2023-09-15T09:29:36","date_gmt":"2023-09-15T09:29:36","guid":{"rendered":"https:\/\/benigal.eu\/?post_type=product&#038;p=1095"},"modified":"2023-09-15T09:29:36","modified_gmt":"2023-09-15T09:29:36","slug":"caixa-150-lapis-no-2-hb","status":"publish","type":"product","link":"https:\/\/benigal.eu\/index.php\/product\/caixa-150-lapis-no-2-hb\/","title":{"rendered":"Caixa 150 l\u00e1pis n\u00ba 2 HB"},"content":{"rendered":"<p>L\u00e1pis 150 # 2 HB feitos de madeira de alta qualidade, afiados.<\/p>\n<p>Cabo m\u00e9dio-macio resistente que gera uma linha de f\u00e1cil leitura e longa dura\u00e7\u00e3o.<\/p>\n<p>Forma hexagonal arredondada com acabamento acetinado liso para uma pegada segura e confort\u00e1vel.<\/p>\n<p>Borracha sem l\u00e1tex que n\u00e3o deixa marcas, fixada na extremidade para facilitar o apagamento.<\/p>\n","protected":false},"excerpt":{"rendered":"<p>Caixa 150 l\u00e1pis n\u00ba 2 HB<\/p>\n","protected":false},"featured_media":1096,"template":"","meta":[],"product_cat":[15],"product_tag":[],"jetpack_sharing_enabled":true,"_links":{"self":[{"href":"https:\/\/benigal.eu\/index.php\/wp-json\/wp\/v2\/product\/1095"}],"collection":[{"href":"https:\/\/benigal.eu\/index.php\/wp-json\/wp\/v2\/product"}],"about":[{"href":"https:\/\/benigal.eu\/index.php\/wp-json\/wp\/v2\/types\/product"}],"wp:featuredmedia":[{"embeddable":true,"href":"https:\/\/benigal.eu\/index.php\/wp-json\/wp\/v2\/media\/1096"}],"wp:attachment":[{"href":"https:\/\/benigal.eu\/index.php\/wp-json\/wp\/v2\/media?parent=1095"}],"wp:term":[{"taxonomy":"product_cat","embeddable":true,"href":"https:\/\/benigal.eu\/index.php\/wp-json\/wp\/v2\/product_cat?post=1095"},{"taxonomy":"product_tag","embeddable":true,"href":"https:\/\/benigal.eu\/index.php\/wp-json\/wp\/v2\/product_tag?post=1095"}],"curies":[{"name":"wp","href":"https:\/\/api.w.org\/{rel}","templated":true}]}}