{"id":1103,"date":"2023-09-15T16:19:09","date_gmt":"2023-09-15T16:19:09","guid":{"rendered":"https:\/\/benigal.eu\/?post_type=product&#038;p=1103"},"modified":"2023-09-16T20:06:38","modified_gmt":"2023-09-16T20:06:38","slug":"incenso-satya-nag-champa-super-hit-caixa-15g","status":"publish","type":"product","link":"https:\/\/benigal.eu\/index.php\/product\/incenso-satya-nag-champa-super-hit-caixa-15g\/","title":{"rendered":"Incenso Satya Nag Champa Super Hit Caixa 15g"},"content":{"rendered":"<p>Incenso Sticks &amp; Cones Satya Nag Champa Super Hit Pauzinhos de incenso, madeira, multicolor.<\/p>\n<p>22 x 13 x 8 cm, unissexo, caixa de 15g.<\/p>\n<p>Varas de incenso Satya Nag Champa Hit 12, pacote: s de cerca de 12 varas<\/p>\n<p>Composi\u00e7\u00e3o adequada do fabricante indiano Shrinivas Sugandhalaya<\/p>\n<p>Fabrico artesanal importado da \u00cdndia<\/p>\n<p>Dura\u00e7\u00e3o da combust\u00e3o de cada bengala: aproximadamente 45 minutos<\/p>\n<p>&nbsp;<\/p>\n","protected":false},"excerpt":{"rendered":"<p>Incenso Satya Nag Champa Super Hit Caixa 15g Original da \u00edndia<\/p>\n","protected":false},"featured_media":1140,"template":"","meta":[],"product_cat":[62,63],"product_tag":[],"jetpack_sharing_enabled":true,"_links":{"self":[{"href":"https:\/\/benigal.eu\/index.php\/wp-json\/wp\/v2\/product\/1103"}],"collection":[{"href":"https:\/\/benigal.eu\/index.php\/wp-json\/wp\/v2\/product"}],"about":[{"href":"https:\/\/benigal.eu\/index.php\/wp-json\/wp\/v2\/types\/product"}],"wp:featuredmedia":[{"embeddable":true,"href":"https:\/\/benigal.eu\/index.php\/wp-json\/wp\/v2\/media\/1140"}],"wp:attachment":[{"href":"https:\/\/benigal.eu\/index.php\/wp-json\/wp\/v2\/media?parent=1103"}],"wp:term":[{"taxonomy":"product_cat","embeddable":true,"href":"https:\/\/benigal.eu\/index.php\/wp-json\/wp\/v2\/product_cat?post=1103"},{"taxonomy":"product_tag","embeddable":true,"href":"https:\/\/benigal.eu\/index.php\/wp-json\/wp\/v2\/product_tag?post=1103"}],"curies":[{"name":"wp","href":"https:\/\/api.w.org\/{rel}","templated":true}]}}