{"id":1105,"date":"2023-09-15T17:06:48","date_gmt":"2023-09-15T17:06:48","guid":{"rendered":"https:\/\/benigal.eu\/?post_type=product&#038;p=1105"},"modified":"2023-09-16T20:05:44","modified_gmt":"2023-09-16T20:05:44","slug":"tampas-de-silicone-de-succao-para-panelas-e-recipientes","status":"publish","type":"product","link":"https:\/\/benigal.eu\/index.php\/product\/tampas-de-silicone-de-succao-para-panelas-e-recipientes\/","title":{"rendered":"Tampas de silicone de suc\u00e7\u00e3o para Panelas e Recipientes Conjunto de 5"},"content":{"rendered":"<p>Tampas reutiliz\u00e1veis \u200b\u200bpara Panelas de suc\u00e7\u00e3o de silicone para tigelas, potes, ch\u00e1venas e tampas para alimentos de micro-ondas.<\/p>\n<p>Conjunto de cinco tampas.<br \/>\nOs tamanhos das tampas cabem na maioria dos recipientes de alimentos, como x\u00edcaras, canecas, pratos, potes, tigelas<br \/>\nMedidas (30 cm \/ 11,8 &#8220;, 25 cm \/ 9,8&#8221;, 20 cm \/ 7,9 &#8220;, 15 cm \/ 5,9&#8221;, 10 cm \/ 4 )<\/p>\n<p>Silicone macio de grau aliment\u00edcio 100% &#8211; seguro.<br \/>\nLivre de BPA, aprovado pelo FDA, inodoro, n\u00e3o t\u00f3xico, sem deforma\u00e7\u00e3o, resistente ao calor, inofensivo, ins\u00edpido.<br \/>\nEles s\u00e3o resistentes ao calor e \u00e0 geada de 464 \u00b0 F \/ 240 \u00b0 C a -104 \u00b0 F \/ -40 \u00b0 C.<\/p>\n<p>Como funciona: A forma como as tampas vazias funcionam \u00e9 que elas s\u00e3o pressionadas suavemente no centro e a tampa cria uma veda\u00e7\u00e3o herm\u00e9tica.<br \/>\nHerm\u00e9tica e resistente a l\u00edquidos.<br \/>\nVoc\u00ea pode us\u00e1-los para armazenar sobras, alimentos, ingredientes, saladas, vegetais, massas, sopas, etc.<br \/>\nEles tamb\u00e9m s\u00e3o ideais para cozinhar, cozinhar no vapor, arom\u00e1ticos, reaquecer, manter os alimentos quentes por mais tempo, armazenar alimentos na geladeira ou freezer, etc.<\/p>\n","protected":false},"excerpt":{"rendered":"<p>Tampas de silicone de suc\u00e7\u00e3o para Panelas e Recipientes Conjunto de 5<\/p>\n<p>&nbsp;<\/p>\n","protected":false},"featured_media":1147,"template":"","meta":[],"product_cat":[15,62],"product_tag":[],"jetpack_sharing_enabled":true,"_links":{"self":[{"href":"https:\/\/benigal.eu\/index.php\/wp-json\/wp\/v2\/product\/1105"}],"collection":[{"href":"https:\/\/benigal.eu\/index.php\/wp-json\/wp\/v2\/product"}],"about":[{"href":"https:\/\/benigal.eu\/index.php\/wp-json\/wp\/v2\/types\/product"}],"wp:featuredmedia":[{"embeddable":true,"href":"https:\/\/benigal.eu\/index.php\/wp-json\/wp\/v2\/media\/1147"}],"wp:attachment":[{"href":"https:\/\/benigal.eu\/index.php\/wp-json\/wp\/v2\/media?parent=1105"}],"wp:term":[{"taxonomy":"product_cat","embeddable":true,"href":"https:\/\/benigal.eu\/index.php\/wp-json\/wp\/v2\/product_cat?post=1105"},{"taxonomy":"product_tag","embeddable":true,"href":"https:\/\/benigal.eu\/index.php\/wp-json\/wp\/v2\/product_tag?post=1105"}],"curies":[{"name":"wp","href":"https:\/\/api.w.org\/{rel}","templated":true}]}}