{"id":1106,"date":"2023-09-15T17:18:32","date_gmt":"2023-09-15T17:18:32","guid":{"rendered":"https:\/\/benigal.eu\/?post_type=product&#038;p=1106"},"modified":"2023-11-21T16:47:42","modified_gmt":"2023-11-21T16:47:42","slug":"incenso-sai-baba-nag-champa-mirra-satya","status":"publish","type":"product","link":"https:\/\/benigal.eu\/index.php\/product\/incenso-sai-baba-nag-champa-mirra-satya\/","title":{"rendered":"Incenso Satya Sai Baba Nag Champa Mirra Caixa 15gr"},"content":{"rendered":"<p>Satya Caixa 15g para Aromaterapia Fortuna, Rituais da sorte.<\/p>\n<p>Caixa 15g Original da \u00edndia.<\/p>\n<p>Sai Baba Nag Champa, apreciado por milh\u00f5es de pessoas, \u00e9 o incenso mais popular no mundo inteiro.<\/p>\n<p>Este aut\u00eantico Sai Baba Nag Champa \u00e9 manufaturado pela Shrinivas Sugandhalaya.<\/p>\n<p>O Nag Champa \u00e9 famoso como marca de incenso, mas na verdade \u00e9 o nome do ex\u00f3tico e distinto \u00f3leo perfumado.<\/p>\n<p>Originalmente manufaturado nos templos hindus e budistas da \u00cdndia e Nepal.<\/p>\n<p>Satya Sai Baba \u00e9 s\u00e2nscrito (antiga l\u00edngua indiana), &#8220;satya&#8221; significa verdade, &#8220;sa&#8221; significa divino, &#8220;ai&#8221; ou &#8220;ayi&#8221; significa m\u00e3e, e &#8220;baba&#8221; pai.<\/p>\n<p>Por isso o nome indica m\u00e3e e pai divinos e, guia-te \u00e0 vit\u00f3ria na luta pela realiza\u00e7\u00e3o pessoal.<\/p>\n<p>Os ingredientes naturais, ervas, resinas, condimentos e massalas s\u00e3o misturados com perfei\u00e7\u00e3o para criarem um aroma relaxante e meditativo.<\/p>\n<p>Os incensos s\u00e3o perfeitos para os momentos em que desejamos nos conectar com elevadas vibra\u00e7\u00f5es, como nas praticas meditativas e yoga.<\/p>\n<p>Certifica\u00e7\u00f5es: ISO 9001, ISO14001, OHSAS 18001.<\/p>\n","protected":false},"excerpt":{"rendered":"<p>Incenso Satya Sai Baba Nag Champa Mirra<\/p>\n","protected":false},"featured_media":1156,"template":"","meta":[],"product_cat":[62,63],"product_tag":[],"jetpack_sharing_enabled":true,"_links":{"self":[{"href":"https:\/\/benigal.eu\/index.php\/wp-json\/wp\/v2\/product\/1106"}],"collection":[{"href":"https:\/\/benigal.eu\/index.php\/wp-json\/wp\/v2\/product"}],"about":[{"href":"https:\/\/benigal.eu\/index.php\/wp-json\/wp\/v2\/types\/product"}],"wp:featuredmedia":[{"embeddable":true,"href":"https:\/\/benigal.eu\/index.php\/wp-json\/wp\/v2\/media\/1156"}],"wp:attachment":[{"href":"https:\/\/benigal.eu\/index.php\/wp-json\/wp\/v2\/media?parent=1106"}],"wp:term":[{"taxonomy":"product_cat","embeddable":true,"href":"https:\/\/benigal.eu\/index.php\/wp-json\/wp\/v2\/product_cat?post=1106"},{"taxonomy":"product_tag","embeddable":true,"href":"https:\/\/benigal.eu\/index.php\/wp-json\/wp\/v2\/product_tag?post=1106"}],"curies":[{"name":"wp","href":"https:\/\/api.w.org\/{rel}","templated":true}]}}