{"id":1112,"date":"2023-09-16T17:04:32","date_gmt":"2023-09-16T17:04:32","guid":{"rendered":"https:\/\/benigal.eu\/?post_type=product&#038;p=1112"},"modified":"2024-08-26T10:27:46","modified_gmt":"2024-08-26T10:27:46","slug":"ventoinha-ventilador-de-mesa-pedestal-40-w-30-cm-verao-novo","status":"publish","type":"product","link":"https:\/\/benigal.eu\/index.php\/product\/ventoinha-ventilador-de-mesa-pedestal-40-w-30-cm-verao-novo\/","title":{"rendered":"Ventoinha \/ Ventilador de mesa pedestal Tristar  40 w 30 cm"},"content":{"rendered":"<p>Ventilador de mesa marca Tristar VE-5931 oscilante.<br \/>\n.- Altura: 30 cm<br \/>\n.- Cor: preto<br \/>\n.- Com uma oscila\u00e7\u00e3o de 80 graus para refrigerar o ar de uma ampla \u00e1rea.<br \/>\n.- Motor potente mas silencioso de 40 W e um di\u00e2metro de 30 cm.<br \/>\n.- F\u00e1cil de deslocar<\/p>\n<p>Possui tr\u00eas ajustes de velocidade diferentes para que possa usar o fluxo de ar mais adequado para si.<\/p>\n<p>O ventilador de mesa Tristar \u00e9 compacto e tem um design atraente.<\/p>\n<p>Pode selecionar entre tr\u00eas fluxos de ar usando os bot\u00f5es f\u00e1ceis de pressionar localizados na base do ventilador.<\/p>\n<p>\u00c9 especialmente adequado se o ventilador girar. Sendo silencioso, \u00e9 um ventilador ideal para ter no quarto.<\/p>\n<p>Gra\u00e7as ao seu peso reduzido, o ventilador de mesa Tristar \u00e9 f\u00e1cil de levantar e transportar.<\/p>\n<p>Pode us\u00e1-lo em casa ou no escrit\u00f3rio como um ventilador de mesa.<\/p>\n<p>O ventilador \u00e9 est\u00e1vel gra\u00e7as \u00e0s pernas antiderrapantes.<\/p>\n<p>Se quiser parar o movimento de oscila\u00e7\u00e3o, pode faz\u00ea-lo facilmente com o bot\u00e3o localizado na parte de tr\u00e1s do ventilador.<\/p>\n","protected":false},"excerpt":{"rendered":"<p>Ventoinha \/ Ventilador de mesa pedestal Tristar 40 w 30 cm<\/p>\n","protected":false},"featured_media":1163,"template":"","meta":[],"product_cat":[15,62],"product_tag":[],"jetpack_sharing_enabled":true,"_links":{"self":[{"href":"https:\/\/benigal.eu\/index.php\/wp-json\/wp\/v2\/product\/1112"}],"collection":[{"href":"https:\/\/benigal.eu\/index.php\/wp-json\/wp\/v2\/product"}],"about":[{"href":"https:\/\/benigal.eu\/index.php\/wp-json\/wp\/v2\/types\/product"}],"wp:featuredmedia":[{"embeddable":true,"href":"https:\/\/benigal.eu\/index.php\/wp-json\/wp\/v2\/media\/1163"}],"wp:attachment":[{"href":"https:\/\/benigal.eu\/index.php\/wp-json\/wp\/v2\/media?parent=1112"}],"wp:term":[{"taxonomy":"product_cat","embeddable":true,"href":"https:\/\/benigal.eu\/index.php\/wp-json\/wp\/v2\/product_cat?post=1112"},{"taxonomy":"product_tag","embeddable":true,"href":"https:\/\/benigal.eu\/index.php\/wp-json\/wp\/v2\/product_tag?post=1112"}],"curies":[{"name":"wp","href":"https:\/\/api.w.org\/{rel}","templated":true}]}}