{"id":1115,"date":"2023-09-16T20:11:16","date_gmt":"2023-09-16T20:11:16","guid":{"rendered":"https:\/\/benigal.eu\/?post_type=product&#038;p=1115"},"modified":"2023-09-16T20:51:44","modified_gmt":"2023-09-16T20:51:44","slug":"almofada-protetor-tapete-anti-vibracao-multiuso-redonda-par","status":"publish","type":"product","link":"https:\/\/benigal.eu\/index.php\/product\/almofada-protetor-tapete-anti-vibracao-multiuso-redonda-par\/","title":{"rendered":"Protetor Tapete anti vibra\u00e7\u00e3o Multiuso Almofada redonda (Par)"},"content":{"rendered":"<p>Bom desempenho na absor\u00e7\u00e3o de impactos.<\/p>\n<p>Dimens\u00f5es: 10 * 2 cm cada uma<\/p>\n<p>As almofadas para p\u00e9s da anilha s\u00e3o feitas de esponja Eva de alta qualidade, dur\u00e1vel e pr\u00e1tica por um longo tempo.<\/p>\n<p>Tamanho cort\u00e1vel,\u00a0\u00a0 \u00e9 um novo tamanho universal que \u00e9 cortado plano, com cortes suaves, pode ajustar o tamanho de acordo com o local.<\/p>\n<p>As vantagens s\u00e3o que o peso leve, el\u00e1stico, o som e a absor\u00e7\u00e3o de impactos, anticolis\u00e3o, antiderrapante, podem reduzir muito o ru\u00eddo.<\/p>\n<p>Absorventes de choque para m\u00e1quina de lavar e secadora.<\/p>\n<p>Adequado para m\u00e1quina de lavar, secadora, esteira, ar condicionado, sof\u00e1, mesa e a maioria dos m\u00f3veis.<\/p>\n<p>&nbsp;<\/p>\n","protected":false},"excerpt":{"rendered":"<p>Almofada \/ Protetor \/ Tapete \/ anti vibra\u00e7\u00e3o Multiuso redonda<\/p>\n<p>&nbsp;<\/p>\n","protected":false},"featured_media":1189,"template":"","meta":[],"product_cat":[62,58],"product_tag":[],"jetpack_sharing_enabled":true,"_links":{"self":[{"href":"https:\/\/benigal.eu\/index.php\/wp-json\/wp\/v2\/product\/1115"}],"collection":[{"href":"https:\/\/benigal.eu\/index.php\/wp-json\/wp\/v2\/product"}],"about":[{"href":"https:\/\/benigal.eu\/index.php\/wp-json\/wp\/v2\/types\/product"}],"wp:featuredmedia":[{"embeddable":true,"href":"https:\/\/benigal.eu\/index.php\/wp-json\/wp\/v2\/media\/1189"}],"wp:attachment":[{"href":"https:\/\/benigal.eu\/index.php\/wp-json\/wp\/v2\/media?parent=1115"}],"wp:term":[{"taxonomy":"product_cat","embeddable":true,"href":"https:\/\/benigal.eu\/index.php\/wp-json\/wp\/v2\/product_cat?post=1115"},{"taxonomy":"product_tag","embeddable":true,"href":"https:\/\/benigal.eu\/index.php\/wp-json\/wp\/v2\/product_tag?post=1115"}],"curies":[{"name":"wp","href":"https:\/\/api.w.org\/{rel}","templated":true}]}}