{"id":1135,"date":"2023-09-16T19:41:25","date_gmt":"2023-09-16T19:41:25","guid":{"rendered":"https:\/\/benigal.eu\/?post_type=product&#038;p=1135"},"modified":"2024-02-03T12:52:03","modified_gmt":"2024-02-03T12:52:03","slug":"patch-auto-adesivos-preto-20cmx10cm-copia","status":"publish","type":"product","link":"https:\/\/benigal.eu\/index.php\/product\/patch-auto-adesivos-preto-20cmx10cm-copia\/","title":{"rendered":"PATCH AUTO-ADESIVOS Preto 20cmx10cm"},"content":{"rendered":"<p>AUTO-ADESIVOS Premium para reparar Couro e Outros Tecidos.<\/p>\n<p>Comprimento 20 cm x 10 cm<\/p>\n<p>Cor Preto.<\/p>\n<p>Primeiros socorros para sof\u00e1s, bancos de carro, bolsas, jaquetas.<\/p>\n<p>Repare buracos, queimaduras, manchas.<\/p>\n<p>Flex\u00edvel, macio e forte. Cola potente e n\u00e3o t\u00f3xica. Sem PVC.<\/p>\n<p>Projetado e feito na Inglaterra.<\/p>\n","protected":false},"excerpt":{"rendered":"<p>PATCHES AUTO-ADESIVOS Premium para reparar Couro e Outros Tecidos.<\/p>\n<p>&nbsp;<\/p>\n","protected":false},"featured_media":1136,"template":"","meta":[],"product_cat":[15,62],"product_tag":[],"jetpack_sharing_enabled":true,"_links":{"self":[{"href":"https:\/\/benigal.eu\/index.php\/wp-json\/wp\/v2\/product\/1135"}],"collection":[{"href":"https:\/\/benigal.eu\/index.php\/wp-json\/wp\/v2\/product"}],"about":[{"href":"https:\/\/benigal.eu\/index.php\/wp-json\/wp\/v2\/types\/product"}],"wp:featuredmedia":[{"embeddable":true,"href":"https:\/\/benigal.eu\/index.php\/wp-json\/wp\/v2\/media\/1136"}],"wp:attachment":[{"href":"https:\/\/benigal.eu\/index.php\/wp-json\/wp\/v2\/media?parent=1135"}],"wp:term":[{"taxonomy":"product_cat","embeddable":true,"href":"https:\/\/benigal.eu\/index.php\/wp-json\/wp\/v2\/product_cat?post=1135"},{"taxonomy":"product_tag","embeddable":true,"href":"https:\/\/benigal.eu\/index.php\/wp-json\/wp\/v2\/product_tag?post=1135"}],"curies":[{"name":"wp","href":"https:\/\/api.w.org\/{rel}","templated":true}]}}