{"id":1157,"date":"2023-09-16T20:23:48","date_gmt":"2023-09-16T20:23:48","guid":{"rendered":"https:\/\/benigal.eu\/?post_type=product&#038;p=1157"},"modified":"2024-07-25T16:24:36","modified_gmt":"2024-07-25T16:24:36","slug":"piscina-insuflavel-intex-easy-set-880-litros-183-x-51-cm","status":"publish","type":"product","link":"https:\/\/benigal.eu\/index.php\/product\/piscina-insuflavel-intex-easy-set-880-litros-183-x-51-cm\/","title":{"rendered":"Piscina insufl\u00e1vel Intex Easy Set 880 litros 183 x 51 cm"},"content":{"rendered":"<p>Piscina redonda remov\u00edvel INTEX com anel superior infl\u00e1vel, linha Easy Set,<\/p>\n<p>medidas: 183&#215;51 cm.<\/p>\n<p>Capacidade: 880 litros de \u00e1gua, para 2 ou 3 pessoas (+ 3 anos)<\/p>\n<p>Lona feita com tecnologia SuperTough, tr\u00eas camadas de material extra forte laminado para proporcionar maior resist\u00eancia e durabilidade<\/p>\n<p>Configura\u00e7\u00e3o f\u00e1cil: espalhe em terreno firme e nivelado, encha o anel superior e encha com \u00e1gua, pronto em cerca de 10 minutos.<\/p>\n<p>Com buj\u00e3o de drenagem conect\u00e1vel a uma mangueira de jardim para facilitar o esvaziamento (para uso ideal, siga as instru\u00e7\u00f5es do manual).<\/p>\n<p>Este modelo de piscina insufl\u00e1vel n\u00e3o inclui filtro mas tem as liga\u00e7\u00f5es para o adaptar (32 mm de di\u00e2metro).<\/p>\n","protected":false},"excerpt":{"rendered":"<p>Piscina insufl\u00e1vel Intex Easy Set 880 litros 183 x 51 cm<\/p>\n","protected":false},"featured_media":1193,"template":"","meta":[],"product_cat":[60,56,62],"product_tag":[],"jetpack_sharing_enabled":true,"_links":{"self":[{"href":"https:\/\/benigal.eu\/index.php\/wp-json\/wp\/v2\/product\/1157"}],"collection":[{"href":"https:\/\/benigal.eu\/index.php\/wp-json\/wp\/v2\/product"}],"about":[{"href":"https:\/\/benigal.eu\/index.php\/wp-json\/wp\/v2\/types\/product"}],"wp:featuredmedia":[{"embeddable":true,"href":"https:\/\/benigal.eu\/index.php\/wp-json\/wp\/v2\/media\/1193"}],"wp:attachment":[{"href":"https:\/\/benigal.eu\/index.php\/wp-json\/wp\/v2\/media?parent=1157"}],"wp:term":[{"taxonomy":"product_cat","embeddable":true,"href":"https:\/\/benigal.eu\/index.php\/wp-json\/wp\/v2\/product_cat?post=1157"},{"taxonomy":"product_tag","embeddable":true,"href":"https:\/\/benigal.eu\/index.php\/wp-json\/wp\/v2\/product_tag?post=1157"}],"curies":[{"name":"wp","href":"https:\/\/api.w.org\/{rel}","templated":true}]}}