{"id":1180,"date":"2023-09-16T20:39:38","date_gmt":"2023-09-16T20:39:38","guid":{"rendered":"https:\/\/benigal.eu\/?post_type=product&#038;p=1180"},"modified":"2023-09-16T20:42:17","modified_gmt":"2023-09-16T20:42:17","slug":"incenso-satya-nagchampa-caixa-15g","status":"publish","type":"product","link":"https:\/\/benigal.eu\/index.php\/product\/incenso-satya-nagchampa-caixa-15g\/","title":{"rendered":"Incenso Satya Nagchampa Caixa 15g"},"content":{"rendered":"<p>Fragrance: Satya Nagchampa Agarbatti<\/p>\n<p>Peso: 200 g<\/p>\n<p>Nota: sem trabalho infantil, sem subprodutos animais, papel reciclado ecol\u00f3gico, sem materiais t\u00f3xicos.<\/p>\n<p>Conte\u00fado: Embalagens de 15 g.<\/p>\n<p>Fabrico artesanal importado da \u00cdndia<\/p>\n<p>Dura\u00e7\u00e3o da combust\u00e3o de cada bengala: aproximadamente 45 minutos<\/p>\n","protected":false},"excerpt":{"rendered":"<p>Incenso Satya Sai Baba Nag Champa Mirra<\/p>\n","protected":false},"featured_media":1181,"template":"","meta":[],"product_cat":[62,63],"product_tag":[],"jetpack_sharing_enabled":true,"_links":{"self":[{"href":"https:\/\/benigal.eu\/index.php\/wp-json\/wp\/v2\/product\/1180"}],"collection":[{"href":"https:\/\/benigal.eu\/index.php\/wp-json\/wp\/v2\/product"}],"about":[{"href":"https:\/\/benigal.eu\/index.php\/wp-json\/wp\/v2\/types\/product"}],"wp:featuredmedia":[{"embeddable":true,"href":"https:\/\/benigal.eu\/index.php\/wp-json\/wp\/v2\/media\/1181"}],"wp:attachment":[{"href":"https:\/\/benigal.eu\/index.php\/wp-json\/wp\/v2\/media?parent=1180"}],"wp:term":[{"taxonomy":"product_cat","embeddable":true,"href":"https:\/\/benigal.eu\/index.php\/wp-json\/wp\/v2\/product_cat?post=1180"},{"taxonomy":"product_tag","embeddable":true,"href":"https:\/\/benigal.eu\/index.php\/wp-json\/wp\/v2\/product_tag?post=1180"}],"curies":[{"name":"wp","href":"https:\/\/api.w.org\/{rel}","templated":true}]}}