{"id":1182,"date":"2023-09-16T21:03:08","date_gmt":"2023-09-16T21:03:08","guid":{"rendered":"https:\/\/benigal.eu\/?post_type=product&#038;p=1182"},"modified":"2023-09-16T21:14:32","modified_gmt":"2023-09-16T21:14:32","slug":"tampas-de-silicone-elasticas","status":"publish","type":"product","link":"https:\/\/benigal.eu\/index.php\/product\/tampas-de-silicone-elasticas\/","title":{"rendered":"Tampas de silicone el\u00e1sticas Conjunto de 12 pe\u00e7as"},"content":{"rendered":"<p>Tampas de silicone el\u00e1sticas reutiliz\u00e1veis 12 pe\u00e7as Cozinha Tupperware<\/p>\n<p>Ajust\u00e1veis para a cozinha, m\u00e1quina de lavar lou\u00e7a, micro-ondas, forno ou frigor\u00edfico, sem BPA.<\/p>\n<p>O inv\u00f3lucro de alimentos de silicone \u00e9 feito de silicone de qualidade alimentar, de alta qualidade, inofensivo.<\/p>\n<p>Cumpre com o certificado de seguran\u00e7a da FDA e LFGB.<\/p>\n<p>Pode simplesmente colocar a tampa de silicone para cobrir a sua comida e aquec\u00ea-la no forno ou no micro-ondas.<\/p>\n<p>Excelente substitui\u00e7\u00e3o para um pl\u00e1stico descart\u00e1vel que deixa sempre res\u00edduos pegajosos nas bordas das nossas tigelas.<\/p>\n<p>Embalagem e tamanho:<br \/>\n6 redondo (6,5 cm \/ 9,5 cm \/ 11,5 cm \/ 16,5 cm \/ 20,5 cm),<br \/>\n6 quadrados (6,5 * 5 cm \/ 9,5 * 7 cm \/ 11,5 * 8 cm \/ 14,5 * 11 cm \/ 16,5 * 12 cm \/ 20,5 * 15 * 15 * 15 * 15 cm \/ 2 * 15 cm \/ 2 cm \/ 2 * 15 cm \/ 2 * 1cm).<\/p>\n<p>Usando o m\u00e9todo<br \/>\nPasso 1: mantenha a tampa el\u00e1stica de silicone e os recipientes secos antes de usar.<br \/>\nPasso 2: coloque a metade da tampa sobre uma borda do recipiente. Comece no lado mais pr\u00f3ximo ao seu corpo.<br \/>\nPasso 3: estique a outra metade da tampa para longe de voc\u00ea, avan\u00e7ando lentamente ao redor da tigela.<br \/>\nPasso 4: Puxe as laterais para garantir um ajuste perfeito.<\/p>\n<p>Dur\u00e1vel, e f\u00e1cil de limpar, crie uma veda\u00e7\u00e3o perfeita em qualquer recipiente de vidro, pl\u00e1stico ou metal.<\/p>\n<p>Tamb\u00e9m podem servir como substituto de tampas perdidas para recipientes de forma redonda.<\/p>\n<p>Nota amig\u00e1vel: as tampas secas funcionam melhor com os recipientes. Al\u00e9m disso, evite produtos de limpeza abrasivos ou de espuma for\u00e7ada. &#8211;<\/p>\n<p>As tampas el\u00e1sticas e de fecho s\u00e3o feitas de silicone de alta qualidade, macio e resistente ao desgaste, tem excelente resist\u00eancia \u00e0 abras\u00e3o e pode ser reutilizado.<\/p>\n<p>Pode ser usado em lava-lou\u00e7as, frigor\u00edficos, fornos micro-ondas e fornos el\u00e9tricos com uma faixa de temperatura de -40 \u00b0C a 230 \u00b0C.<\/p>\n","protected":false},"excerpt":{"rendered":"<p>Tampas de silicone el\u00e1sticas reutiliz\u00e1veis 12 pe\u00e7as Cozinha Tupperware<\/p>\n","protected":false},"featured_media":1207,"template":"","meta":[],"product_cat":[15,62],"product_tag":[],"jetpack_sharing_enabled":true,"_links":{"self":[{"href":"https:\/\/benigal.eu\/index.php\/wp-json\/wp\/v2\/product\/1182"}],"collection":[{"href":"https:\/\/benigal.eu\/index.php\/wp-json\/wp\/v2\/product"}],"about":[{"href":"https:\/\/benigal.eu\/index.php\/wp-json\/wp\/v2\/types\/product"}],"wp:featuredmedia":[{"embeddable":true,"href":"https:\/\/benigal.eu\/index.php\/wp-json\/wp\/v2\/media\/1207"}],"wp:attachment":[{"href":"https:\/\/benigal.eu\/index.php\/wp-json\/wp\/v2\/media?parent=1182"}],"wp:term":[{"taxonomy":"product_cat","embeddable":true,"href":"https:\/\/benigal.eu\/index.php\/wp-json\/wp\/v2\/product_cat?post=1182"},{"taxonomy":"product_tag","embeddable":true,"href":"https:\/\/benigal.eu\/index.php\/wp-json\/wp\/v2\/product_tag?post=1182"}],"curies":[{"name":"wp","href":"https:\/\/api.w.org\/{rel}","templated":true}]}}