{"id":1204,"date":"2023-09-16T21:22:33","date_gmt":"2023-09-16T21:22:33","guid":{"rendered":"https:\/\/benigal.eu\/?post_type=product&#038;p=1204"},"modified":"2024-04-27T12:15:29","modified_gmt":"2024-04-27T12:15:29","slug":"ferro-de-engomar-a-vapor-vertical","status":"publish","type":"product","link":"https:\/\/benigal.eu\/index.php\/product\/ferro-de-engomar-a-vapor-vertical\/","title":{"rendered":"Ferro de Engomar a Vapor Vertical 280 ml 1500 W"},"content":{"rendered":"<p>Ferro vertical a vapor 1500 Watts, Reservat\u00f3rio de 280 ml.<\/p>\n<p>Adequado para neg\u00f3cios em casa, casa e viagens.<\/p>\n<p>O ferro a vapor vertical tem uma alta pot\u00eancia de 1500 watts, que pode ser alcan\u00e7ada rapidamente em 15 segundos.<\/p>\n<p>Os 14 orif\u00edcios de novo fazem que fazem um novo parecer fino e m\u00e9dio.<\/p>\n<p>Uma grande press\u00e3o de vapor cont\u00ednuo de 30 g \/ min, para que passe de forma r\u00e1pida e uniforme.<\/p>\n<p>Equipado com tanque de 280 ml, fornece de 25 a 30 minutos de vapor cont\u00ednuo, podendo passar de 4 a 7 pe\u00e7as.<\/p>\n<p>O vapor cont\u00ednuo de alta press\u00e3o pode eliminar rugas mais rapidamente e mata bact\u00e9rias presentes em suas roupas.<\/p>\n<p>Garantindo que suas roupas sejam sauditas, limpas e bonitas.<\/p>\n<p>Quando a temperatura atinge mais de 145 \u00b0 C, ou o ferro a vapor vertical, para de funcionar e se desprende automaticamente. Para que voc\u00ea n\u00e3o precise se preocupar com a \u00e1gua para n\u00e3o encher ou queimar, pois quando a energia ultrapassar ou limitar, o fus\u00edvel ser\u00e1 desconectado imediatamente.<\/p>\n<p>Existem marcas de verifica\u00e7\u00e3o na superf\u00edcie do tanque de \u00e1gua e voc\u00ea pode ver claramente o n\u00edvel da \u00e1gua.<\/p>\n<p>O recipiente de medi\u00e7\u00e3o inclu\u00eddo permite que voc\u00ea adicione \u00e1gua conforme necess\u00e1rio. E o SIMBR Ferro Dep\u00f3sito de \u00e1gua vertical e remov\u00edvel, f\u00e1cil de limpar e transportar, cabe na sua mala para viagens de neg\u00f3cios.<\/p>\n<p>Conte\u00fado:<br \/>\nUm ferro a vapor vertical com dois tipos de l\u00e2minas.<br \/>\nUm floco de medi\u00e7\u00e3o e um clipe de cunha.<br \/>\nTem dois alfinetes adequados para tecidos diferentes como seda, algod\u00e3o, l\u00e3, linho, chiffon, etc.<br \/>\nClipe de cal\u00e7as pode us\u00e1-lo para passar por dobras das cal\u00e7as do fato.<\/p>\n<p>&nbsp;<\/p>\n","protected":false},"excerpt":{"rendered":"<p>Ferro de Engomar a Vapor Vertical 280 ml 1500 Watts<\/p>\n","protected":false},"featured_media":1226,"template":"","meta":[],"product_cat":[62,63],"product_tag":[],"jetpack_sharing_enabled":true,"_links":{"self":[{"href":"https:\/\/benigal.eu\/index.php\/wp-json\/wp\/v2\/product\/1204"}],"collection":[{"href":"https:\/\/benigal.eu\/index.php\/wp-json\/wp\/v2\/product"}],"about":[{"href":"https:\/\/benigal.eu\/index.php\/wp-json\/wp\/v2\/types\/product"}],"wp:featuredmedia":[{"embeddable":true,"href":"https:\/\/benigal.eu\/index.php\/wp-json\/wp\/v2\/media\/1226"}],"wp:attachment":[{"href":"https:\/\/benigal.eu\/index.php\/wp-json\/wp\/v2\/media?parent=1204"}],"wp:term":[{"taxonomy":"product_cat","embeddable":true,"href":"https:\/\/benigal.eu\/index.php\/wp-json\/wp\/v2\/product_cat?post=1204"},{"taxonomy":"product_tag","embeddable":true,"href":"https:\/\/benigal.eu\/index.php\/wp-json\/wp\/v2\/product_tag?post=1204"}],"curies":[{"name":"wp","href":"https:\/\/api.w.org\/{rel}","templated":true}]}}