{"id":1229,"date":"2023-09-17T12:07:05","date_gmt":"2023-09-17T12:07:05","guid":{"rendered":"https:\/\/benigal.eu\/?post_type=product&#038;p=1229"},"modified":"2023-09-18T08:21:34","modified_gmt":"2023-09-18T08:21:34","slug":"kit-de-5-elasticos-bandas-de-resistencia-treino-pilates-yoga-desporto","status":"publish","type":"product","link":"https:\/\/benigal.eu\/index.php\/product\/kit-de-5-elasticos-bandas-de-resistencia-treino-pilates-yoga-desporto\/","title":{"rendered":"Kit de 5 El\u00e1sticos Bandas Gritin de Resist\u00eancia"},"content":{"rendered":"<p>S\u00e3o 5 bandas com diferentes n\u00edveis de dificuldade. Vem com estojo para f\u00e1cil transporte.<\/p>\n<p>\u00c9 seguro e recicl\u00e1vel, n\u00e3o \u00e9 al\u00e9rgico \u00e0 pele.<\/p>\n<p>Acess\u00f3rio tonificante recomendado pelos fisioterapeutas para exerc\u00edcios de pilates.<\/p>\n<p>Fortalecimento muscular, alongamento ou reabilita\u00e7\u00e3o.<\/p>\n<p>Pode fazer todos os tipos de exerc\u00edcios para fortalecer os bra\u00e7os, ombros, abd\u00f3men, costas, peito e gl\u00fateos.<\/p>\n","protected":false},"excerpt":{"rendered":"<pre id=\"tw-target-text\" class=\"tw-data-text tw-text-large tw-ta\" dir=\"ltr\" data-placeholder=\"Traducci\u00f3n\">Kit de 5 El\u00e1sticos Bandas Gritin de Resist\u00eancia \r\n\r\n<\/pre>\n","protected":false},"featured_media":1383,"template":"","meta":[],"product_cat":[59,63],"product_tag":[],"jetpack_sharing_enabled":true,"_links":{"self":[{"href":"https:\/\/benigal.eu\/index.php\/wp-json\/wp\/v2\/product\/1229"}],"collection":[{"href":"https:\/\/benigal.eu\/index.php\/wp-json\/wp\/v2\/product"}],"about":[{"href":"https:\/\/benigal.eu\/index.php\/wp-json\/wp\/v2\/types\/product"}],"wp:featuredmedia":[{"embeddable":true,"href":"https:\/\/benigal.eu\/index.php\/wp-json\/wp\/v2\/media\/1383"}],"wp:attachment":[{"href":"https:\/\/benigal.eu\/index.php\/wp-json\/wp\/v2\/media?parent=1229"}],"wp:term":[{"taxonomy":"product_cat","embeddable":true,"href":"https:\/\/benigal.eu\/index.php\/wp-json\/wp\/v2\/product_cat?post=1229"},{"taxonomy":"product_tag","embeddable":true,"href":"https:\/\/benigal.eu\/index.php\/wp-json\/wp\/v2\/product_tag?post=1229"}],"curies":[{"name":"wp","href":"https:\/\/api.w.org\/{rel}","templated":true}]}}