{"id":1230,"date":"2023-09-17T12:15:10","date_gmt":"2023-09-17T12:15:10","guid":{"rendered":"https:\/\/benigal.eu\/?post_type=product&#038;p=1230"},"modified":"2023-09-18T08:25:24","modified_gmt":"2023-09-18T08:25:24","slug":"bolsa-gelo-instantaneo-gima-34111-terapia-caminhada-campismo","status":"publish","type":"product","link":"https:\/\/benigal.eu\/index.php\/product\/bolsa-gelo-instantaneo-gima-34111-terapia-caminhada-campismo\/","title":{"rendered":"Bolsa gelo instant\u00e2neo GIMA 34111"},"content":{"rendered":"<p>Bolsa frio instant\u00e2neo GIMA 34111<\/p>\n<p>A bolsa de gelo instant\u00e2neo \u00e9 amplamente utilizada nos:<br \/>\n&#8211; desportos,<br \/>\n&#8211; divers\u00e3o,<br \/>\n&#8211; recrea\u00e7\u00e3o,<br \/>\n&#8211; terapia,<br \/>\n&#8211; caminhada,<br \/>\n&#8211; campismo, etc.<br \/>\ncomo o primeiro rem\u00e9dio para contus\u00f5es e incha\u00e7o.<\/p>\n<p>A compressa fria instant\u00e2nea \u00e9 recomendada para crioterapia.<\/p>\n<p>Excelente em todos os casos de trauma para acalmar a dor e prevenir hematomas, incha\u00e7o, etc. Sempre pronto em qualquer lugar e a qualquer hora: basta esmagar a bolsa de frio instant\u00e2neo para quebrar a bolha interna e agitar, a mistura obtida reduz a temperatura interna de -6 \u00b0 C para 0 \u00b0 C em 30 minutos (em temperatura ambiente 20 \u00b0 C).<\/p>\n<p>Gra\u00e7as aos seus efeitos anti edema, analg\u00e9sico e relaxante muscular, a bolsa de gelo instant\u00e2neo \u00e9 especificamente indicada em caso de: os hematomas, distor\u00e7\u00f5es, trauma m\u00fasculo esquel\u00e9tico, alongamento ou rutura muscular, hematoma, dor de dente instant\u00e2nea, super aquecimento localizado do corpo, picadas de inseto.<\/p>\n<p>&nbsp;<\/p>\n","protected":false},"excerpt":{"rendered":"<p>Bolsa gelo instant\u00e2neo GIMA 34111<\/p>\n","protected":false},"featured_media":1385,"template":"","meta":[],"product_cat":[59,63],"product_tag":[],"jetpack_sharing_enabled":true,"_links":{"self":[{"href":"https:\/\/benigal.eu\/index.php\/wp-json\/wp\/v2\/product\/1230"}],"collection":[{"href":"https:\/\/benigal.eu\/index.php\/wp-json\/wp\/v2\/product"}],"about":[{"href":"https:\/\/benigal.eu\/index.php\/wp-json\/wp\/v2\/types\/product"}],"wp:featuredmedia":[{"embeddable":true,"href":"https:\/\/benigal.eu\/index.php\/wp-json\/wp\/v2\/media\/1385"}],"wp:attachment":[{"href":"https:\/\/benigal.eu\/index.php\/wp-json\/wp\/v2\/media?parent=1230"}],"wp:term":[{"taxonomy":"product_cat","embeddable":true,"href":"https:\/\/benigal.eu\/index.php\/wp-json\/wp\/v2\/product_cat?post=1230"},{"taxonomy":"product_tag","embeddable":true,"href":"https:\/\/benigal.eu\/index.php\/wp-json\/wp\/v2\/product_tag?post=1230"}],"curies":[{"name":"wp","href":"https:\/\/api.w.org\/{rel}","templated":true}]}}