{"id":1231,"date":"2023-09-17T12:30:25","date_gmt":"2023-09-17T12:30:25","guid":{"rendered":"https:\/\/benigal.eu\/?post_type=product&#038;p=1231"},"modified":"2024-03-02T12:16:25","modified_gmt":"2024-03-02T12:16:25","slug":"serra-de-calar-ginour-tic-tic-800-w-com-guia-laser","status":"publish","type":"product","link":"https:\/\/benigal.eu\/index.php\/product\/serra-de-calar-ginour-tic-tic-800-w-com-guia-laser\/","title":{"rendered":"Serra de Calar Ginour Tic Tic 800 W com Guia Laser"},"content":{"rendered":"<p>Conte\u00fado:<br \/>\n1 x Ginour 800 W Calador; 1 x chave Allen; 6 x l\u00e2minas de serra; 1 x guia de suc\u00e7\u00e3o de poeira; 1 x manual de utiliza\u00e7\u00e3o; 1 x garantia vital\u00edcia.<\/p>\n<p>Pot\u00eancia de 800 W 3000 SPM, corte 80 mm para madeira, 10 mm para metal, dist\u00e2ncia de movimento alternativa: 22 mm, corte de bisel: 22,5 mm, velocidade de 0-3000 SPM.<\/p>\n<p>Guia laser 3 modos de CORTE, Guiado a laser com r\u00e9gua, corte de curva mais preciso e profissional, corte chanfrado a 45 \u00b0 (0-22,5 mm); inclina\u00e7\u00e3o de corte ajust\u00e1vel(incline a base, ajuste-a a chave allen inclu\u00edda ao \u00e2ngulo desejado, prenda os parafusos).<\/p>\n<p>7 Velocidades e 4 formas Orbitales 1-4 pl\u00e1stico, 2-3 a\u00e7o, 3-4 a\u00e7o inoxid\u00e1vel, 3-7 alum\u00ednio, 5-7 madeira; 0: madeira e madeira compensada, 1: a\u00e7o com baixo carbono, alum\u00ednio e madeira dura, 2: alum\u00ednio e a\u00e7o com baixo carbono rapidamente, 3: rapidamente madeira e madeiras.<\/p>\n<p>Duplo Interrutor Punho de couro macio, antiderrapante; capa protetora transparente, evite a entrada do p\u00f3 nos seus olhos; interruptor duplo para bloquear a velocidade, adequado para um trabalho prolongado; pode ser ligado com um aspirador.<\/p>\n","protected":false},"excerpt":{"rendered":"<p>Serra de Calar Ginour Tic Tic 800 W com Guia Laser<\/p>\n","protected":false},"featured_media":1246,"template":"","meta":[],"product_cat":[58],"product_tag":[],"jetpack_sharing_enabled":true,"_links":{"self":[{"href":"https:\/\/benigal.eu\/index.php\/wp-json\/wp\/v2\/product\/1231"}],"collection":[{"href":"https:\/\/benigal.eu\/index.php\/wp-json\/wp\/v2\/product"}],"about":[{"href":"https:\/\/benigal.eu\/index.php\/wp-json\/wp\/v2\/types\/product"}],"wp:featuredmedia":[{"embeddable":true,"href":"https:\/\/benigal.eu\/index.php\/wp-json\/wp\/v2\/media\/1246"}],"wp:attachment":[{"href":"https:\/\/benigal.eu\/index.php\/wp-json\/wp\/v2\/media?parent=1231"}],"wp:term":[{"taxonomy":"product_cat","embeddable":true,"href":"https:\/\/benigal.eu\/index.php\/wp-json\/wp\/v2\/product_cat?post=1231"},{"taxonomy":"product_tag","embeddable":true,"href":"https:\/\/benigal.eu\/index.php\/wp-json\/wp\/v2\/product_tag?post=1231"}],"curies":[{"name":"wp","href":"https:\/\/api.w.org\/{rel}","templated":true}]}}