{"id":1239,"date":"2023-09-17T12:40:56","date_gmt":"2023-09-17T12:40:56","guid":{"rendered":"https:\/\/benigal.eu\/?post_type=product&#038;p=1239"},"modified":"2023-09-18T08:37:22","modified_gmt":"2023-09-18T08:37:22","slug":"manta-de-emergencia-seguranca-incendios-florestais-madeira","status":"publish","type":"product","link":"https:\/\/benigal.eu\/index.php\/product\/manta-de-emergencia-seguranca-incendios-florestais-madeira\/","title":{"rendered":"Manta Isot\u00e9rmica de Emerg\u00eancia"},"content":{"rendered":"<p>Dimens\u00f5es: Comprimento 160 cm Largura 210 cm. O pacote trouxe 1 Manta.<\/p>\n<p>Dur\u00e1vel , manta imperme\u00e1vel espessa e forte para suportar todas as condi\u00e7\u00f5es clim\u00e1ticas.<\/p>\n<p>Cobrir\u00e1 e proteger\u00e1 completamente beb\u00eas, crian\u00e7as e adultos com seu material de isolamento t\u00e9rmico.<\/p>\n<p>Isolamento de alta densidade, esses cobertores s\u00e3o fabricados com materiais de alum\u00ednio da mais alta qualidade e alta qualidade dispon\u00edveis, ret\u00eam o calor e o calor do corpo para evitar hipotermia.<\/p>\n<p>Ideal para caminhantes, alpinistas, alpinistas, corredores, esquiadores, camping, emerg\u00eancia, primeiros socorros, acidentes e muito mais.<\/p>\n<p>F\u00e1cil de dobrar e guardar, ideal para o kit de primeiros socorros, em seu carro ou no porta-luvas<\/p>\n","protected":false},"excerpt":{"rendered":"<p>Manta Isot\u00e9rmica de Emerg\u00eancia<\/p>\n","protected":false},"featured_media":1397,"template":"","meta":[],"product_cat":[59,63],"product_tag":[],"jetpack_sharing_enabled":true,"_links":{"self":[{"href":"https:\/\/benigal.eu\/index.php\/wp-json\/wp\/v2\/product\/1239"}],"collection":[{"href":"https:\/\/benigal.eu\/index.php\/wp-json\/wp\/v2\/product"}],"about":[{"href":"https:\/\/benigal.eu\/index.php\/wp-json\/wp\/v2\/types\/product"}],"wp:featuredmedia":[{"embeddable":true,"href":"https:\/\/benigal.eu\/index.php\/wp-json\/wp\/v2\/media\/1397"}],"wp:attachment":[{"href":"https:\/\/benigal.eu\/index.php\/wp-json\/wp\/v2\/media?parent=1239"}],"wp:term":[{"taxonomy":"product_cat","embeddable":true,"href":"https:\/\/benigal.eu\/index.php\/wp-json\/wp\/v2\/product_cat?post=1239"},{"taxonomy":"product_tag","embeddable":true,"href":"https:\/\/benigal.eu\/index.php\/wp-json\/wp\/v2\/product_tag?post=1239"}],"curies":[{"name":"wp","href":"https:\/\/api.w.org\/{rel}","templated":true}]}}