{"id":1247,"date":"2023-09-17T12:46:24","date_gmt":"2023-09-17T12:46:24","guid":{"rendered":"https:\/\/benigal.eu\/?post_type=product&#038;p=1247"},"modified":"2024-03-02T12:10:51","modified_gmt":"2024-03-02T12:10:51","slug":"lixadora-orbital-hychika-eletrica-200w-com-coleta-de-po","status":"publish","type":"product","link":"https:\/\/benigal.eu\/index.php\/product\/lixadora-orbital-hychika-eletrica-200w-com-coleta-de-po\/","title":{"rendered":"Lixadora Orbital HYCHIKA  el\u00e9trica  200w com coleta de p\u00f3"},"content":{"rendered":"<p>Lixadora Orbital 200w com coleta de p\u00f3, mais lixa 12 pe\u00e7as<\/p>\n<p>Pot\u00eancia: 200 W, Velocidade: 14000 RPM, oferece um potente motor Orbital Sander, Ideal para lixar em muitos tipos de materiais e v\u00e1rios cantos pequenos para atender \u00e0s suas diferentes necessidades de trabalho.<\/p>\n<p>Sistema de coleta de p\u00f3 garante um trabalho limpo e praticamente livre de poeira, melhorando a efici\u00eancia do trabalho e filtrando o ar, para manter o ambiente limpo.<\/p>\n<p>Com 12 lixa de 80, 120, 240 grit para polir madeira e materiais met\u00e1licos.<\/p>\n","protected":false},"excerpt":{"rendered":"<p>Lixadora Orbital HYCHIKA el\u00e9trica 200w<\/p>\n","protected":false},"featured_media":1248,"template":"","meta":[],"product_cat":[58],"product_tag":[],"jetpack_sharing_enabled":true,"_links":{"self":[{"href":"https:\/\/benigal.eu\/index.php\/wp-json\/wp\/v2\/product\/1247"}],"collection":[{"href":"https:\/\/benigal.eu\/index.php\/wp-json\/wp\/v2\/product"}],"about":[{"href":"https:\/\/benigal.eu\/index.php\/wp-json\/wp\/v2\/types\/product"}],"wp:featuredmedia":[{"embeddable":true,"href":"https:\/\/benigal.eu\/index.php\/wp-json\/wp\/v2\/media\/1248"}],"wp:attachment":[{"href":"https:\/\/benigal.eu\/index.php\/wp-json\/wp\/v2\/media?parent=1247"}],"wp:term":[{"taxonomy":"product_cat","embeddable":true,"href":"https:\/\/benigal.eu\/index.php\/wp-json\/wp\/v2\/product_cat?post=1247"},{"taxonomy":"product_tag","embeddable":true,"href":"https:\/\/benigal.eu\/index.php\/wp-json\/wp\/v2\/product_tag?post=1247"}],"curies":[{"name":"wp","href":"https:\/\/api.w.org\/{rel}","templated":true}]}}