{"id":1256,"date":"2023-09-17T13:32:00","date_gmt":"2023-09-17T13:32:00","guid":{"rendered":"https:\/\/benigal.eu\/?post_type=product&#038;p=1256"},"modified":"2023-09-18T08:44:05","modified_gmt":"2023-09-18T08:44:05","slug":"ponchos-descartaveis-impermeavel-protetor-chuva-com-capuz-adulto","status":"publish","type":"product","link":"https:\/\/benigal.eu\/index.php\/product\/ponchos-descartaveis-impermeavel-protetor-chuva-com-capuz-adulto\/","title":{"rendered":"Poncho Descart\u00e1vel Imperme\u00e1vel \u200b\u200bprotetor chuva com capuz Adulto"},"content":{"rendered":"<p>Ponchos de chuva descart\u00e1veis \u200b\u200bpara ADULTOS.<\/p>\n<p>Cor: Amarelo.<\/p>\n<p>Ideal para se manter seco em tempo chuvoso, campismo, passeios ao ar livre, eventos desportivos e parques de divers\u00f5es, onde voc\u00ea pode se molhar.<\/p>\n<p>Serve como prote\u00e7\u00e3o adicional para roupas ao viajar em avi\u00f5es ou locais com tr\u00e1fego intenso, nas mochilas para o liceu.<\/p>\n<p>Mais dur\u00e1vel que o seu poncho descart\u00e1vel normal e ainda leve. Descarte ou reutilize.<\/p>\n<p>Dimens\u00f5es: 85 x 62 cm x 106 cm. Tamanho standard para adultos.<\/p>\n","protected":false},"excerpt":{"rendered":"<p>Ponchos descart\u00e1veis Imperme\u00e1vel \u200b\u200bprotetor chuva com capuz Adulto<\/p>\n","protected":false},"featured_media":1402,"template":"","meta":[],"product_cat":[62,59],"product_tag":[],"jetpack_sharing_enabled":true,"_links":{"self":[{"href":"https:\/\/benigal.eu\/index.php\/wp-json\/wp\/v2\/product\/1256"}],"collection":[{"href":"https:\/\/benigal.eu\/index.php\/wp-json\/wp\/v2\/product"}],"about":[{"href":"https:\/\/benigal.eu\/index.php\/wp-json\/wp\/v2\/types\/product"}],"wp:featuredmedia":[{"embeddable":true,"href":"https:\/\/benigal.eu\/index.php\/wp-json\/wp\/v2\/media\/1402"}],"wp:attachment":[{"href":"https:\/\/benigal.eu\/index.php\/wp-json\/wp\/v2\/media?parent=1256"}],"wp:term":[{"taxonomy":"product_cat","embeddable":true,"href":"https:\/\/benigal.eu\/index.php\/wp-json\/wp\/v2\/product_cat?post=1256"},{"taxonomy":"product_tag","embeddable":true,"href":"https:\/\/benigal.eu\/index.php\/wp-json\/wp\/v2\/product_tag?post=1256"}],"curies":[{"name":"wp","href":"https:\/\/api.w.org\/{rel}","templated":true}]}}