{"id":1266,"date":"2023-09-17T14:45:21","date_gmt":"2023-09-17T14:45:21","guid":{"rendered":"https:\/\/benigal.eu\/?post_type=product&#038;p=1266"},"modified":"2024-03-11T16:21:22","modified_gmt":"2024-03-11T16:21:22","slug":"tesoura-de-enxerto-poda-jardineira","status":"publish","type":"product","link":"https:\/\/benigal.eu\/index.php\/product\/tesoura-de-enxerto-poda-jardineira\/","title":{"rendered":"Tesoura de Enxerto para Poda e Jardineira"},"content":{"rendered":"<p>Ferramenta 2 em 1: 2 arestas afiadas no cisalho, usadas para enxertar e podar.<\/p>\n<p>Faixa de tamanho: adequado para ramos e madeiras macias de 1,4 cm de di\u00e2metro ou mais finas, n\u00e3o adequado para enxertar madeira dura<\/p>\n<p>Longa vida \u00fatil: l\u00e2minas de enxerto substitu\u00edveis SK-5 e cabo de PVC material de liga de alum\u00ednio, que faz com que o joio funcione por mais tempo.<\/p>\n<p>Inclu\u00eddo na embalagem: 1 x tesoura de enxerto (com folha em forma de U); 2 folhas X (forma em V e forma \u03a9). Sem estojo.<\/p>\n","protected":false},"excerpt":{"rendered":"<p>Tesoura de Enxerto Poda Jardineira<\/p>\n","protected":false},"featured_media":1267,"template":"","meta":[],"product_cat":[62,58],"product_tag":[],"jetpack_sharing_enabled":true,"_links":{"self":[{"href":"https:\/\/benigal.eu\/index.php\/wp-json\/wp\/v2\/product\/1266"}],"collection":[{"href":"https:\/\/benigal.eu\/index.php\/wp-json\/wp\/v2\/product"}],"about":[{"href":"https:\/\/benigal.eu\/index.php\/wp-json\/wp\/v2\/types\/product"}],"wp:featuredmedia":[{"embeddable":true,"href":"https:\/\/benigal.eu\/index.php\/wp-json\/wp\/v2\/media\/1267"}],"wp:attachment":[{"href":"https:\/\/benigal.eu\/index.php\/wp-json\/wp\/v2\/media?parent=1266"}],"wp:term":[{"taxonomy":"product_cat","embeddable":true,"href":"https:\/\/benigal.eu\/index.php\/wp-json\/wp\/v2\/product_cat?post=1266"},{"taxonomy":"product_tag","embeddable":true,"href":"https:\/\/benigal.eu\/index.php\/wp-json\/wp\/v2\/product_tag?post=1266"}],"curies":[{"name":"wp","href":"https:\/\/api.w.org\/{rel}","templated":true}]}}