{"id":1282,"date":"2023-09-17T15:46:19","date_gmt":"2023-09-17T15:46:19","guid":{"rendered":"https:\/\/benigal.eu\/?post_type=product&#038;p=1282"},"modified":"2023-09-18T09:27:35","modified_gmt":"2023-09-18T09:27:35","slug":"rotores-de-bicicleta-montanha-g3-travao-de-aco-inoxidavel-parafusos","status":"publish","type":"product","link":"https:\/\/benigal.eu\/index.php\/product\/rotores-de-bicicleta-montanha-g3-travao-de-aco-inoxidavel-parafusos\/","title":{"rendered":"Rotores de bicicleta montanha G3 trav\u00e3o de a\u00e7o inoxid\u00e1vel 160mm"},"content":{"rendered":"<p>Hemera Phit &#8211; 2 discos de bicicleta de montanha G3, discos de trav\u00e3o de a\u00e7o inoxid\u00e1vel para bicicleta, com 12 parafusos gratuitos.<\/p>\n<p>Material: a\u00e7o inoxid\u00e1vel.<\/p>\n<p>Di\u00e2metro: 160 mm.<\/p>\n<p>Perfeitamente plano e liso, \u00e9 uma boa experi\u00eancia de compra.<\/p>\n<p>Adapta-se perfeitamente \u00e0 sua bicicleta, ser\u00e1 f\u00e1cil de circular com eles.<\/p>\n<p>2 pe\u00e7as Inclui 12 parafusos de disco.<\/p>\n","protected":false},"excerpt":{"rendered":"<p>Rotores de bicicleta montanha G3, trav\u00e3o de a\u00e7o inoxid\u00e1vel parafusos 160mm<\/p>\n","protected":false},"featured_media":1419,"template":"","meta":[],"product_cat":[59,58],"product_tag":[],"jetpack_sharing_enabled":true,"_links":{"self":[{"href":"https:\/\/benigal.eu\/index.php\/wp-json\/wp\/v2\/product\/1282"}],"collection":[{"href":"https:\/\/benigal.eu\/index.php\/wp-json\/wp\/v2\/product"}],"about":[{"href":"https:\/\/benigal.eu\/index.php\/wp-json\/wp\/v2\/types\/product"}],"wp:featuredmedia":[{"embeddable":true,"href":"https:\/\/benigal.eu\/index.php\/wp-json\/wp\/v2\/media\/1419"}],"wp:attachment":[{"href":"https:\/\/benigal.eu\/index.php\/wp-json\/wp\/v2\/media?parent=1282"}],"wp:term":[{"taxonomy":"product_cat","embeddable":true,"href":"https:\/\/benigal.eu\/index.php\/wp-json\/wp\/v2\/product_cat?post=1282"},{"taxonomy":"product_tag","embeddable":true,"href":"https:\/\/benigal.eu\/index.php\/wp-json\/wp\/v2\/product_tag?post=1282"}],"curies":[{"name":"wp","href":"https:\/\/api.w.org\/{rel}","templated":true}]}}