{"id":1283,"date":"2023-09-17T16:05:17","date_gmt":"2023-09-17T16:05:17","guid":{"rendered":"https:\/\/benigal.eu\/?post_type=product&#038;p=1283"},"modified":"2024-09-24T14:13:58","modified_gmt":"2024-09-24T14:13:58","slug":"bussola-profissional-12v-navio-autocaravana-viaturas-madeira","status":"publish","type":"product","link":"https:\/\/benigal.eu\/index.php\/product\/bussola-profissional-12v-navio-autocaravana-viaturas-madeira\/","title":{"rendered":"B\u00fassola profissional 12v para Navio"},"content":{"rendered":"<p>B\u00fassola pivotante iluminada, Ilumina\u00e7\u00e3o vermelha, Com fio de 12 voltios, com suporte de montagem ajust\u00e1vel.<\/p>\n<p>Resistente \u00e0 corros\u00e3o, imperme\u00e1vel, forte e dur\u00e1vel.<\/p>\n<p>Dimens\u00f5es:: 140 mm x 110 mm x 80 mm.<\/p>\n<p>Adequado para viaturas aqu\u00e1ticos, navios, caravanas e caminh\u00f5es.<\/p>\n","protected":false},"excerpt":{"rendered":"<p>B\u00fassola profissional &#8211; 12v &#8211; Navio &#8211; Autocaravana<\/p>\n","protected":false},"featured_media":1425,"template":"","meta":[],"product_cat":[59,58],"product_tag":[],"jetpack_sharing_enabled":true,"_links":{"self":[{"href":"https:\/\/benigal.eu\/index.php\/wp-json\/wp\/v2\/product\/1283"}],"collection":[{"href":"https:\/\/benigal.eu\/index.php\/wp-json\/wp\/v2\/product"}],"about":[{"href":"https:\/\/benigal.eu\/index.php\/wp-json\/wp\/v2\/types\/product"}],"wp:featuredmedia":[{"embeddable":true,"href":"https:\/\/benigal.eu\/index.php\/wp-json\/wp\/v2\/media\/1425"}],"wp:attachment":[{"href":"https:\/\/benigal.eu\/index.php\/wp-json\/wp\/v2\/media?parent=1283"}],"wp:term":[{"taxonomy":"product_cat","embeddable":true,"href":"https:\/\/benigal.eu\/index.php\/wp-json\/wp\/v2\/product_cat?post=1283"},{"taxonomy":"product_tag","embeddable":true,"href":"https:\/\/benigal.eu\/index.php\/wp-json\/wp\/v2\/product_tag?post=1283"}],"curies":[{"name":"wp","href":"https:\/\/api.w.org\/{rel}","templated":true}]}}