{"id":1287,"date":"2023-09-17T17:59:57","date_gmt":"2023-09-17T17:59:57","guid":{"rendered":"https:\/\/benigal.eu\/?post_type=product&#038;p=1287"},"modified":"2024-05-18T11:36:52","modified_gmt":"2024-05-18T11:36:52","slug":"superthings-mega-k-3-superbots-1-kazoom-kid-e-1-exclusivos","status":"publish","type":"product","link":"https:\/\/benigal.eu\/index.php\/product\/superthings-mega-k-3-superbots-1-kazoom-kid-e-1-exclusivos\/","title":{"rendered":"SUPERTHINGS Mega K 3 Superbots 1 Kazoom Kid e 1 exclusivos"},"content":{"rendered":"<p>Superbot Mega-K\u2013 Robot articulado com acess\u00f3rios de combate, 1 Kazoom Kid e 1 SuperThing exclusivos.<\/p>\n<p>O Superbot do Professor K est\u00e1 preparado para atacar Kaboom City.<\/p>\n<p>Dispara com a sua arma carregada com energia Kazoom e, se a coisa n\u00e3o pintar bem, desdobre as asas para fugir para o seu laborat\u00f3rio.<\/p>\n<p>Pode vencer a batalha do Superbot de Enigma? Tu decides<\/p>\n<p>Figura exclusiva cont\u00e9m 1 Kazoom Kid e 1 SuperThing vil\u00e3o exclusivos<\/p>\n<p>Grande jogabilidade rob\u00f4 de grande jogabilidade com v\u00e1rias a\u00e7\u00f5es para desenvolver a imagina\u00e7\u00e3o dos mais pequenos. A aventura \u00e9 garantida<\/p>\n<p>Divers\u00e3o garantida Os SuperThings s\u00e3o objetos do dia a dia que ganharam vida e se transformaram em super-her\u00f3is e vil\u00f5es, e vivem todos em Kaboom City.<\/p>\n<p>N\u00famero do modelo \u200e8431618020234<\/p>\n<p>&nbsp;<\/p>\n","protected":false},"excerpt":{"rendered":"<p id=\"tw-target-text\" class=\"tw-data-text tw-text-large tw-ta\" dir=\"ltr\" data-placeholder=\"Traducci\u00f3n\"><span class=\"Y2IQFc\" lang=\"es\">Superbot Mega-K\u2013 Robot articulado com acess\u00f3rios de combate, 1 Kazoom Kid e 1 SuperZings exclusivos <\/span><\/p>\n","protected":false},"featured_media":1473,"template":"","meta":[],"product_cat":[60,56],"product_tag":[],"jetpack_sharing_enabled":true,"_links":{"self":[{"href":"https:\/\/benigal.eu\/index.php\/wp-json\/wp\/v2\/product\/1287"}],"collection":[{"href":"https:\/\/benigal.eu\/index.php\/wp-json\/wp\/v2\/product"}],"about":[{"href":"https:\/\/benigal.eu\/index.php\/wp-json\/wp\/v2\/types\/product"}],"wp:featuredmedia":[{"embeddable":true,"href":"https:\/\/benigal.eu\/index.php\/wp-json\/wp\/v2\/media\/1473"}],"wp:attachment":[{"href":"https:\/\/benigal.eu\/index.php\/wp-json\/wp\/v2\/media?parent=1287"}],"wp:term":[{"taxonomy":"product_cat","embeddable":true,"href":"https:\/\/benigal.eu\/index.php\/wp-json\/wp\/v2\/product_cat?post=1287"},{"taxonomy":"product_tag","embeddable":true,"href":"https:\/\/benigal.eu\/index.php\/wp-json\/wp\/v2\/product_tag?post=1287"}],"curies":[{"name":"wp","href":"https:\/\/api.w.org\/{rel}","templated":true}]}}