{"id":1290,"date":"2023-09-17T18:18:50","date_gmt":"2023-09-17T18:18:50","guid":{"rendered":"https:\/\/benigal.eu\/?post_type=product&#038;p=1290"},"modified":"2023-10-07T09:22:53","modified_gmt":"2023-10-07T09:22:53","slug":"casa-de-bonecas-barbie-mattel-brinquedo-presente-criancas","status":"publish","type":"product","link":"https:\/\/benigal.eu\/index.php\/product\/casa-de-bonecas-barbie-mattel-brinquedo-presente-criancas\/","title":{"rendered":"Casa de Bonecas Barbie Mattel"},"content":{"rendered":"<p>Barbie Supercasa Casa de bonecas<br \/>\nModelo Mattel DLY32<\/p>\n<p>Com tr\u00eas pisos para brincar, a Casa de Sonho da Barbie \u00e9 o lugar de todas as oportunidades de criar hist\u00f3rias!<\/p>\n<p>As quatro divis\u00f5es e o lounge no telhado, repletos de detalhes realistas, tornam esta nova casa da Barbie o esplendor mais recente.<\/p>\n<p>A mob\u00edlia fabulosa e os acess\u00f3rios modernos inspiram a criatividade e a imagina\u00e7\u00e3o.<\/p>\n<p>Fecha a casa com os acess\u00f3rios no interior para arrumares tudo de forma simples e c\u00f3moda. Para come\u00e7ares a brincar, basta abrires!<\/p>\n<p>O primeiro piso apresenta a cozinha e a sala de estar.<\/p>\n<p>No primeiro piso, a cadeira de baloi\u00e7o contempor\u00e2nea que se encontra na sala de estar abre-se para que a Barbie possa baloi\u00e7ar no interior ou no exterior da casa. A mob\u00edlia inclui pe\u00e7as cl\u00e1ssicas com designs atuais, como uma banheira elegante e transparente (que pode ser usada como spa no telhado!), uma mesa de refei\u00e7\u00f5es moderna com duas cadeiras, um sof\u00e1 e uma cama com ar confort\u00e1vel, tudo com detalhes realistas.<\/p>\n<p>O segundo piso \u00e9 onde encontras a casa de banho e o quarto, al\u00e9m de um arm\u00e1rio para pendurares as roupas da Barbie! Desloca-te entre os pisos no elevador ativado de forma manual. Quando a Barbie chegar ao segundo piso, o telhado abre-se para revelar uma grande surpresa: um guarda-sol colorido que abre!<\/p>\n<p>Cria v\u00e1rias hist\u00f3rias divertidas em casa para a Barbie e todas as suas amigas (bonecas vendidas em separado).<\/p>\n<p>Os acess\u00f3rios adicionais aumentam as possibilidades de cria\u00e7\u00e3o de hist\u00f3rias, como a toalha para a banheira, utens\u00edlios de cozinha e um tablet \u00e0 medida da Barbie para entretenimento na sala de estar.<\/p>\n<p>\u00c9 a casa perfeita para o estilo de vida da Barbie Malibu, porque com a Barbie, tu podes ser o que quiseres!<\/p>\n<p>Inclui casa com elevador que funciona e guarda-sol que abre, mob\u00edlia e acess\u00f3rios.<\/p>\n<p>Boneca vendida em separado.<\/p>\n","protected":false},"excerpt":{"rendered":"<p>Barbie Supercasa Casa de bonecas Modelo Mattel DLY32<\/p>\n<p>&nbsp;<\/p>\n","protected":false},"featured_media":1564,"template":"","meta":[],"product_cat":[60,56],"product_tag":[],"jetpack_sharing_enabled":true,"_links":{"self":[{"href":"https:\/\/benigal.eu\/index.php\/wp-json\/wp\/v2\/product\/1290"}],"collection":[{"href":"https:\/\/benigal.eu\/index.php\/wp-json\/wp\/v2\/product"}],"about":[{"href":"https:\/\/benigal.eu\/index.php\/wp-json\/wp\/v2\/types\/product"}],"wp:featuredmedia":[{"embeddable":true,"href":"https:\/\/benigal.eu\/index.php\/wp-json\/wp\/v2\/media\/1564"}],"wp:attachment":[{"href":"https:\/\/benigal.eu\/index.php\/wp-json\/wp\/v2\/media?parent=1290"}],"wp:term":[{"taxonomy":"product_cat","embeddable":true,"href":"https:\/\/benigal.eu\/index.php\/wp-json\/wp\/v2\/product_cat?post=1290"},{"taxonomy":"product_tag","embeddable":true,"href":"https:\/\/benigal.eu\/index.php\/wp-json\/wp\/v2\/product_tag?post=1290"}],"curies":[{"name":"wp","href":"https:\/\/api.w.org\/{rel}","templated":true}]}}