{"id":1291,"date":"2023-09-17T18:34:16","date_gmt":"2023-09-17T18:34:16","guid":{"rendered":"https:\/\/benigal.eu\/?post_type=product&#038;p=1291"},"modified":"2023-09-19T22:30:32","modified_gmt":"2023-09-19T22:30:32","slug":"tapete-de-agua-jogos-para-crianca-com-acessorios-87-x-57-cm","status":"publish","type":"product","link":"https:\/\/benigal.eu\/index.php\/product\/tapete-de-agua-jogos-para-crianca-com-acessorios-87-x-57-cm\/","title":{"rendered":"Tapete de Agua Jogos para crian\u00e7a com acess\u00f3rios"},"content":{"rendered":"<p>Tapete de Agua Jogos para crian\u00e7a com acess\u00f3rios 87 x 57 cm<\/p>\n<p>Ideal para divertir e passar o tempo das crian\u00e7as<\/p>\n<p>Brinquedo educativo com materiais seguros, 100% sem machas..<\/p>\n<p>Tinta abundantes para divers\u00e3o: \u00c9 um brinquedo de educa\u00e7\u00e3o e aprendizagem criativa, tapete de \u00e1gua doodle m\u00e1gicas x1, penas m\u00e1gicas x3, selos x8, r\u00e9guas 3, livro m\u00e1gico de \u00e1gua x 1. E o tapete de \u00e1gua com 6 cores, que tornam a sua pintura mais brilhante e colorida, pode inspirar a imagina\u00e7\u00e3o e a criatividade das crian\u00e7as.<\/p>\n<p>Grande tamanho e muitos acess\u00f3rios: o nosso tapete de \u00e1gua doodle mede 87 x 57 cm.<\/p>\n<p>O tamanho grande oferece espa\u00e7o suficiente para pais e filhos escreverem e pintarem juntos.<\/p>\n<p>O tapete de pintura com \u00e1gua tamb\u00e9m pode ser dobrado num tamanho compacto, pode coloc\u00e1-lo na sua mochila ou no do seu pequeno, levar o tapete para viajar.<\/p>\n<p>Assim, tanto voc\u00ea como o seu filho podem desfrutar de uma divers\u00e3o sem fim com os tapetes de desenho para crian\u00e7as.<\/p>\n<p>Material n\u00e3o t\u00f3xico e ecol\u00f3gico: o nosso tapete de pintura infantil \u00e9 feito de tecido n\u00e3o tecido de poli\u00e9ster de alta qualidade, duradouro e reutiliz\u00e1vel.<\/p>\n<p>Sem tinta, sem l\u00e1pis de cor que estraguem as paredes, basta encher com \u00e1gua limpa numa caneta m\u00e1gica para come\u00e7ar a desenhar, proporciona ao seu filho uma experi\u00eancia n\u00e3o-t\u00f3xica, ecol\u00f3gica e conveniente.<\/p>\n<p>F\u00e1cil de usar: encha a caneta com \u00e1gua limpa e desenhe sobre o tapete.<\/p>\n<p>A pintura desaparecer\u00e1 ap\u00f3s 5 a 10 minutos (dependendo da temperatura e do fluxo de ar), as crian\u00e7as podem desenhar sobre o tapete m\u00e1gico de pintura v\u00e1rias vezes.<\/p>\n<p>Brilhantes para crian\u00e7as pequenas, as canetas funcionam apenas no tapete, para que o seu filho n\u00e3o possa sujar os tapetes ou as paredes.<\/p>\n<p>Brinquedo educativo e presente ideal: os nossos conjuntos de pintura para crian\u00e7as n\u00e3o s\u00e3o apenas brinquedos de desenho para os seus filhos e amigos, mas tamb\u00e9m um v\u00ednculo comunicativo entre pais e filhos.<\/p>\n<p>Inspire a criatividade e a imagina\u00e7\u00e3o dos seus filhos, exercite a coordena\u00e7\u00e3o m\u00e3o &#8211; olho e a capacidade de perce\u00e7\u00e3o da cor.<\/p>\n<p>Um \u00f3timo presente de anivers\u00e1rio para meninos e meninas ou Natal.<\/p>\n<p>&nbsp;<\/p>\n","protected":false},"excerpt":{"rendered":"<p>Tapete de Agua Jogos para crian\u00e7a com acess\u00f3rios 87 x 57 cm<\/p>\n","protected":false},"featured_media":1570,"template":"","meta":[],"product_cat":[60,56],"product_tag":[],"jetpack_sharing_enabled":true,"_links":{"self":[{"href":"https:\/\/benigal.eu\/index.php\/wp-json\/wp\/v2\/product\/1291"}],"collection":[{"href":"https:\/\/benigal.eu\/index.php\/wp-json\/wp\/v2\/product"}],"about":[{"href":"https:\/\/benigal.eu\/index.php\/wp-json\/wp\/v2\/types\/product"}],"wp:featuredmedia":[{"embeddable":true,"href":"https:\/\/benigal.eu\/index.php\/wp-json\/wp\/v2\/media\/1570"}],"wp:attachment":[{"href":"https:\/\/benigal.eu\/index.php\/wp-json\/wp\/v2\/media?parent=1291"}],"wp:term":[{"taxonomy":"product_cat","embeddable":true,"href":"https:\/\/benigal.eu\/index.php\/wp-json\/wp\/v2\/product_cat?post=1291"},{"taxonomy":"product_tag","embeddable":true,"href":"https:\/\/benigal.eu\/index.php\/wp-json\/wp\/v2\/product_tag?post=1291"}],"curies":[{"name":"wp","href":"https:\/\/api.w.org\/{rel}","templated":true}]}}