{"id":1293,"date":"2023-09-17T18:42:15","date_gmt":"2023-09-17T18:42:15","guid":{"rendered":"https:\/\/benigal.eu\/?post_type=product&#038;p=1293"},"modified":"2024-12-06T12:03:40","modified_gmt":"2024-12-06T12:03:40","slug":"boneca-babies-cry-fancy-fantasy-brinquedo-novo-criancas","status":"publish","type":"product","link":"https:\/\/benigal.eu\/index.php\/product\/boneca-babies-cry-fancy-fantasy-brinquedo-novo-criancas\/","title":{"rendered":"Boneca Babies Cry Fancy"},"content":{"rendered":"<p>Ela \u00e9 um pequeno flamingo fofo, mas quando tiras a chupeta, ela chora l\u00e1grimas de verdade. Ela n\u00e3o vai parar de chorar at\u00e9 lhe dares a chupeta!<\/p>\n<p>Esta \u00e9 Fancy, um ador\u00e1vel Cry Baby com um conjunto de pijama flamingo. Beb\u00eas chorando s\u00e3o bonecos muito fofos que choram l\u00e1grimas de verdade.<\/p>\n<p>Inclui chupeta e pijama; funciona com 2 pilhas AAA.<\/p>\n<p>Cry Babies \u00e9 uma forma divertida de incutir valores de respeito, responsabilidade e afeto pelos outros.<\/p>\n<p>Tamanho aproximado: 30,5 cm.<\/p>\n<p>Idade recomendada: a partir de 18 meses.<\/p>\n<p>&nbsp;<\/p>\n","protected":false},"excerpt":{"rendered":"<p>Boneca Cry Babies Fancy Ref 97056<\/p>\n","protected":false},"featured_media":1616,"template":"","meta":[],"product_cat":[60,56],"product_tag":[],"jetpack_sharing_enabled":true,"_links":{"self":[{"href":"https:\/\/benigal.eu\/index.php\/wp-json\/wp\/v2\/product\/1293"}],"collection":[{"href":"https:\/\/benigal.eu\/index.php\/wp-json\/wp\/v2\/product"}],"about":[{"href":"https:\/\/benigal.eu\/index.php\/wp-json\/wp\/v2\/types\/product"}],"wp:featuredmedia":[{"embeddable":true,"href":"https:\/\/benigal.eu\/index.php\/wp-json\/wp\/v2\/media\/1616"}],"wp:attachment":[{"href":"https:\/\/benigal.eu\/index.php\/wp-json\/wp\/v2\/media?parent=1293"}],"wp:term":[{"taxonomy":"product_cat","embeddable":true,"href":"https:\/\/benigal.eu\/index.php\/wp-json\/wp\/v2\/product_cat?post=1293"},{"taxonomy":"product_tag","embeddable":true,"href":"https:\/\/benigal.eu\/index.php\/wp-json\/wp\/v2\/product_tag?post=1293"}],"curies":[{"name":"wp","href":"https:\/\/api.w.org\/{rel}","templated":true}]}}