{"id":1297,"date":"2023-09-17T18:47:31","date_gmt":"2023-09-17T18:47:31","guid":{"rendered":"https:\/\/benigal.eu\/?post_type=product&#038;p=1297"},"modified":"2023-09-17T18:54:03","modified_gmt":"2023-09-17T18:54:03","slug":"iman-neodimio-8-x-3mm","status":"publish","type":"product","link":"https:\/\/benigal.eu\/index.php\/product\/iman-neodimio-8-x-3mm\/","title":{"rendered":"\u00cdman neod\u00edmio 8 x 3mm"},"content":{"rendered":"<p>\u00cdman neod\u00edmio pacote de 20 pe\u00e7as 8&#215;3 mm<\/p>\n<p>Eles s\u00e3o S\u00faper fortes at\u00e9 2,2 Kg de for\u00e7a.<\/p>\n<p>Ideais para trabalhos manuais e artesanais.<\/p>\n<p>Para a constru\u00e7\u00e3o dos seus projetos de aerogeradores e motores el\u00e9tricos. Mais for\u00e7a e voltagem e corrente nas suas bobines.<\/p>\n<p>Para uso em artesanato.<\/p>\n<p>Para uso industrial<\/p>\n","protected":false},"excerpt":{"rendered":"<p>\u00cdman neod\u00edmio 6 x 3 mm<\/p>\n","protected":false},"featured_media":1299,"template":"","meta":[],"product_cat":[62,58],"product_tag":[],"jetpack_sharing_enabled":true,"_links":{"self":[{"href":"https:\/\/benigal.eu\/index.php\/wp-json\/wp\/v2\/product\/1297"}],"collection":[{"href":"https:\/\/benigal.eu\/index.php\/wp-json\/wp\/v2\/product"}],"about":[{"href":"https:\/\/benigal.eu\/index.php\/wp-json\/wp\/v2\/types\/product"}],"wp:featuredmedia":[{"embeddable":true,"href":"https:\/\/benigal.eu\/index.php\/wp-json\/wp\/v2\/media\/1299"}],"wp:attachment":[{"href":"https:\/\/benigal.eu\/index.php\/wp-json\/wp\/v2\/media?parent=1297"}],"wp:term":[{"taxonomy":"product_cat","embeddable":true,"href":"https:\/\/benigal.eu\/index.php\/wp-json\/wp\/v2\/product_cat?post=1297"},{"taxonomy":"product_tag","embeddable":true,"href":"https:\/\/benigal.eu\/index.php\/wp-json\/wp\/v2\/product_tag?post=1297"}],"curies":[{"name":"wp","href":"https:\/\/api.w.org\/{rel}","templated":true}]}}