{"id":1303,"date":"2023-09-17T21:24:27","date_gmt":"2023-09-17T21:24:27","guid":{"rendered":"https:\/\/benigal.eu\/?post_type=product&#038;p=1303"},"modified":"2024-03-02T12:29:51","modified_gmt":"2024-03-02T12:29:51","slug":"wristband-bracelete-pulseira-magnetico-para-parafusos","status":"publish","type":"product","link":"https:\/\/benigal.eu\/index.php\/product\/wristband-bracelete-pulseira-magnetico-para-parafusos\/","title":{"rendered":"Wristband Bracelete Magn\u00e9tico para parafusos"},"content":{"rendered":"<p>Wristband Magn\u00e9tico com os 15 \u00edmanes fortes magn\u00e9ticos. Pulseiras para economia de m\u00e3os, fixa facilmente parafusos, pregos, brocas, parafusos para homens e m\u00e1quinas pretas.<\/p>\n<p>Incorporados com 15 \u00edm\u00e3s potentes. Esta pulseira magn\u00e9tica segura com for\u00e7a pequenos objetos de metal: ferramentas pequenas, arruelas, suti\u00e3s, parafusos, pregos, brocas, pinos etc.<\/p>\n<p>Confort\u00e1vel e respir\u00e1vel. Feito de 100% poli\u00e9ster 1680D. N\u00e3o el\u00e1stico, leve, dur\u00e1vel, resistente \u00e0 \u00e1gua. A parte posterior \u00e9 feita de malha acolchoada respir\u00e1vel macia, permite o m\u00e1ximo conforto mesmo trabalhando o dia todo.<\/p>\n<p>Design de velcro ajust\u00e1vel. Adequado para diferentes tamanhos de pulso, independentemente de homens ou mulheres. Tamb\u00e9m pode impedir que a pulseira magn\u00e9tica caia durante movimentos severos das extremidades.<\/p>\n<p>Bom assistente para reparar. N\u00e3o \u00e9 mais necess\u00e1rio subir e descer a escada para procurar ferramentas\/j\u00e1 n\u00e3o precisa colocar parafusos na boca ou bolsos no trabalho \/ j\u00e1 n\u00e3o precisa de se preocupar com ferramentas que caem. Fa\u00e7a o seu trabalho mais organizado e melhore a sua efici\u00eancia!<\/p>\n<p>Presente para homem. Adequado para computador port\u00e1til \/ telem\u00f3vel \/ carro \/ reparador de eletrodom\u00e9sticos, entusiastas do artesanato bricolage, eletricistas, carpinteiros, trabalhadores de constru\u00e7\u00e3o, alfaiate.<\/p>\n","protected":false},"excerpt":{"rendered":"<p>Wristband Bracelete \/ Pulseira Magn\u00e9tico para parafusos<\/p>\n","protected":false},"featured_media":1307,"template":"","meta":[],"product_cat":[58],"product_tag":[],"jetpack_sharing_enabled":true,"_links":{"self":[{"href":"https:\/\/benigal.eu\/index.php\/wp-json\/wp\/v2\/product\/1303"}],"collection":[{"href":"https:\/\/benigal.eu\/index.php\/wp-json\/wp\/v2\/product"}],"about":[{"href":"https:\/\/benigal.eu\/index.php\/wp-json\/wp\/v2\/types\/product"}],"wp:featuredmedia":[{"embeddable":true,"href":"https:\/\/benigal.eu\/index.php\/wp-json\/wp\/v2\/media\/1307"}],"wp:attachment":[{"href":"https:\/\/benigal.eu\/index.php\/wp-json\/wp\/v2\/media?parent=1303"}],"wp:term":[{"taxonomy":"product_cat","embeddable":true,"href":"https:\/\/benigal.eu\/index.php\/wp-json\/wp\/v2\/product_cat?post=1303"},{"taxonomy":"product_tag","embeddable":true,"href":"https:\/\/benigal.eu\/index.php\/wp-json\/wp\/v2\/product_tag?post=1303"}],"curies":[{"name":"wp","href":"https:\/\/api.w.org\/{rel}","templated":true}]}}