{"id":1304,"date":"2023-09-17T19:07:51","date_gmt":"2023-09-17T19:07:51","guid":{"rendered":"https:\/\/benigal.eu\/?post_type=product&#038;p=1304"},"modified":"2025-05-20T10:51:27","modified_gmt":"2025-05-20T10:51:27","slug":"kit-fazer-pulseiras-aneis-colares-missangas-4mm-36-cores-letras-abc","status":"publish","type":"product","link":"https:\/\/benigal.eu\/index.php\/product\/kit-fazer-pulseiras-aneis-colares-missangas-4mm-36-cores-letras-abc\/","title":{"rendered":"Kit fazer pulseiras, an\u00e9is, colares missangas 4mm 36 cores letras ABC"},"content":{"rendered":"<p>Kit para fazer pulseiras com missangas de 4mm , 36 cores 3500 pe\u00e7as alfabeto tesoura + fio engomado + fivelas de lagosta<\/p>\n<p>Pulseira de contas: 3500 pe\u00e7as de contas de vidro para 4 mm; 300 letras. 1 bobinas, 1 tesoura, 1 pin\u00e7a, 1 fio de contas, 38 pingentes de metal dourado, 38 pingentes de prata, 5 pingentes de concha, 10 broches de lagosta, 20 la\u00e7os abertos.<\/p>\n<p>Pulseiras de missangas de bricolage com contas de vidro, tamanhos de 4 mm.<\/p>\n<p>O conjunto para fazer pulseiras \u00e9 feito de vidro liso, dur\u00e1vel e inquebr\u00e1vel, brilhante e brilhante, de cor uniforme, ecol\u00f3gico e n\u00e3o desbota, adequado para fazer joias de bricolage tanto para iniciantes como profissionais. (Devido ao pequeno tamanho dos acess\u00f3rios, as crian\u00e7as at\u00e9 5 anos devem estar acompanhadas pelos seus pais para evitar problemas desnecess\u00e1rios.)<\/p>\n<p>Conjunto de joias pode ser usado como pulseiras de amizade, pingentes, brincos, colares, pulseiras no tornozelo, etc. para melhores amigos. Pode at\u00e9 ser usado como pendente para decorar a sua pr\u00f3pria mochila, telem\u00f3vel, etc. A bricolage criativa faz o presente que deseja, \u00e9 ideal para crian\u00e7as Natal, f\u00e9rias, anivers\u00e1rios, festas, recompensas.<\/p>\n<p>Estas contas coloridas podem fazer pulseiras, an\u00e9is, colares e chaveiros, acess\u00f3rios de roupa e outros artesanato.<\/p>\n<p>Este kit de fabrico de pulseiras pode melhorar as suas habilidades di\u00e1rias de lazer.<\/p>\n<p>As contas da pulseira est\u00e3o dispon\u00edveis em mais de vinte cores.<\/p>\n<p>Todas as contas s\u00e3o coloridas e embaladas em 24 pequenas grelhas em caixas de pl\u00e1stico.<\/p>\n<p>As contas coloridas podem atrair a aten\u00e7\u00e3o das crian\u00e7as, despertar a sua curiosidade e criar as suas pr\u00f3prias joias.<\/p>\n<p>Este conjunto de pulseiras \u00e9 um presente ideal para amigos e familiares para anivers\u00e1rios, formatura, dia dos namorados, dia da m\u00e3e, Natal e outros festivais.<\/p>\n<p>Ideal para prenda, jogo em fam\u00edlia Tamb\u00e9m pode fazer joias \u00fanicas para si.<\/p>\n","protected":false},"excerpt":{"rendered":"<p>Missangas para fazer pulseiras contas de cores de 4 mm, com 300 letras kit bolinhas (4 mm &#8211; 1box)<\/p>\n<p>&nbsp;<\/p>\n","protected":false},"featured_media":1626,"template":"","meta":[],"product_cat":[60,56],"product_tag":[],"jetpack_sharing_enabled":true,"_links":{"self":[{"href":"https:\/\/benigal.eu\/index.php\/wp-json\/wp\/v2\/product\/1304"}],"collection":[{"href":"https:\/\/benigal.eu\/index.php\/wp-json\/wp\/v2\/product"}],"about":[{"href":"https:\/\/benigal.eu\/index.php\/wp-json\/wp\/v2\/types\/product"}],"wp:featuredmedia":[{"embeddable":true,"href":"https:\/\/benigal.eu\/index.php\/wp-json\/wp\/v2\/media\/1626"}],"wp:attachment":[{"href":"https:\/\/benigal.eu\/index.php\/wp-json\/wp\/v2\/media?parent=1304"}],"wp:term":[{"taxonomy":"product_cat","embeddable":true,"href":"https:\/\/benigal.eu\/index.php\/wp-json\/wp\/v2\/product_cat?post=1304"},{"taxonomy":"product_tag","embeddable":true,"href":"https:\/\/benigal.eu\/index.php\/wp-json\/wp\/v2\/product_tag?post=1304"}],"curies":[{"name":"wp","href":"https:\/\/api.w.org\/{rel}","templated":true}]}}