{"id":1305,"date":"2023-09-17T19:24:46","date_gmt":"2023-09-17T19:24:46","guid":{"rendered":"https:\/\/benigal.eu\/?post_type=product&#038;p=1305"},"modified":"2023-09-19T09:32:30","modified_gmt":"2023-09-19T09:32:30","slug":"iman-de-neodimio-10mm-4mm-artesanato-retangular","status":"publish","type":"product","link":"https:\/\/benigal.eu\/index.php\/product\/iman-de-neodimio-10mm-4mm-artesanato-retangular\/","title":{"rendered":"\u00cdman de neod\u00edmio 10 x 4mm"},"content":{"rendered":"<p>O pre\u00e7o publicado \u00e9 por unidade.<\/p>\n<p>\u00cdman em forma retangular.<\/p>\n<p>Di\u00e2metro: 10 mm.<\/p>\n<p>Altura: 4 mm.<\/p>\n<p>Ideal para a constru\u00e7\u00e3o de modelos, para elabora\u00e7\u00e3o, experimenta\u00e7\u00e3o e acess\u00f3rios de todos os tipos.<\/p>\n<p>Os \u00edmanes s\u00e3o niquelados e t\u00eam uma capacidade m\u00e1xima de carga de 1 kg e na placa de a\u00e7o de 10 mm.<br \/>\nA magnetiza\u00e7\u00e3o passa axialmente atrav\u00e9s da borda de 1 mm (superf\u00edcies grandes atraem-se umas \u00e0s outras).<br \/>\nA temperatura de trabalho \u00e9 de 80 \u00b0 C<br \/>\nCaracter\u00edsticas: superf\u00edcie lisa em prata. Baixo peso com fortes magn\u00e9ticos e produtos de alta qualidade. Seguran\u00e7a e prote\u00e7\u00e3o ambiental<\/p>\n<p>&nbsp;<\/p>\n","protected":false},"excerpt":{"rendered":"<p>\u00cdman de neod\u00edmio 10mm x 4mm &#8211; Artesanato &#8211; Retangular\u00a0 <span class=\"Y2IQFc\" lang=\"pt\">por unidade<\/span><\/p>\n<p>&nbsp;<\/p>\n","protected":false},"featured_media":1504,"template":"","meta":[],"product_cat":[62,58],"product_tag":[],"jetpack_sharing_enabled":true,"_links":{"self":[{"href":"https:\/\/benigal.eu\/index.php\/wp-json\/wp\/v2\/product\/1305"}],"collection":[{"href":"https:\/\/benigal.eu\/index.php\/wp-json\/wp\/v2\/product"}],"about":[{"href":"https:\/\/benigal.eu\/index.php\/wp-json\/wp\/v2\/types\/product"}],"wp:featuredmedia":[{"embeddable":true,"href":"https:\/\/benigal.eu\/index.php\/wp-json\/wp\/v2\/media\/1504"}],"wp:attachment":[{"href":"https:\/\/benigal.eu\/index.php\/wp-json\/wp\/v2\/media?parent=1305"}],"wp:term":[{"taxonomy":"product_cat","embeddable":true,"href":"https:\/\/benigal.eu\/index.php\/wp-json\/wp\/v2\/product_cat?post=1305"},{"taxonomy":"product_tag","embeddable":true,"href":"https:\/\/benigal.eu\/index.php\/wp-json\/wp\/v2\/product_tag?post=1305"}],"curies":[{"name":"wp","href":"https:\/\/api.w.org\/{rel}","templated":true}]}}