{"id":1314,"date":"2023-09-17T21:34:46","date_gmt":"2023-09-17T21:34:46","guid":{"rendered":"https:\/\/benigal.eu\/?post_type=product&#038;p=1314"},"modified":"2024-12-06T12:03:24","modified_gmt":"2024-12-06T12:03:24","slug":"furadeira-parafusadora-berbequim-teccpo-carga-rapida-com-estojo-sem-fio","status":"publish","type":"product","link":"https:\/\/benigal.eu\/index.php\/product\/furadeira-parafusadora-berbequim-teccpo-carga-rapida-com-estojo-sem-fio\/","title":{"rendered":"Furadeira \/ Parafusadora \/ Berbequim  Teccpo carga r\u00e1pida com estojo sem fio"},"content":{"rendered":"<p>Furadeira de martelo TECCPO, 60 Nm, carregador r\u00e1pido de 30 min, 2 baterias de l\u00edtio de 18 V de 2.000 mAh, ajuste de torque 21 + 3, mandril de aperto autom\u00e1tico de 13 mm, acess\u00f3rios 30 Ricos-TDHD01P.<\/p>\n<p>Esta furadeira sem fio inclui 30 acess\u00f3rios gratuitos:<\/p>\n<p>5 x brocas (50 mm);<br \/>\n7 x Brocas para metal;<br \/>\n15 x pontas de chave de fenda (25 mm);<br \/>\n1 x adaptador de broca;<br \/>\n1 x haste de extens\u00e3o (60 mm);<br \/>\n1 x eixo flex\u00edvel.<\/p>\n<p>Fornece um torque poderoso de 60 Nm para perfura\u00e7\u00e3o, aparafusamento e pino de disparo. 2 Velocidades vari\u00e1veis \u200b\u200b(0-450 rpm e 0-1700 rpm) podem atender \u00e0s suas diferentes necessidades. Voc\u00ea pode escolher a velocidade necess\u00e1ria para concluir sua opera\u00e7\u00e3o com precis\u00e3o. Di\u00e2metro m\u00e1ximo de perfura\u00e7\u00e3o: 30 mm (madeira) 13 mm (metal) 10 mm (concreto).<\/p>\n<p>2 baterias x 2000 mAh podem ser substitu\u00eddas para atender ao seu longo tempo de trabalho. Em compara\u00e7\u00e3o com produtos com fio, podemos operar facilmente ao ar livre ou onde n\u00e3o h\u00e1 plugue.<\/p>\n<p>A bateria Quick Charger 2.0Ah pode ser carregada facilmente em 30min. Em compara\u00e7\u00e3o com a maioria dos carregadores 2A no mercado, os carregadores r\u00e1pidos 4A podem economizar at\u00e9 50% do tempo. E tem um indicador de status de carga da bateria. Mais r\u00e1pido e conveniente, muito adequado para o seu trabalho de bricolage.<\/p>\n<p>Fun\u00e7\u00f5es 3 em 1: furadeira + martelo + chave de fenda.<br \/>\nCom 21 configura\u00e7\u00f5es fornecem controle preciso para atividades de perfura\u00e7\u00e3o de madeira, metal, pl\u00e1stico e chave de fenda de cimento. Ele tamb\u00e9m pode atender \u00e0s suas necessidades de apertar e afrouxar parafusos e fazer furos em casas de bricolage ou canteiros de obras. Pode ajud\u00e1-lo a montar m\u00f3veis, carpintaria e reparos.<\/p>\n<p>&nbsp;<\/p>\n","protected":false},"excerpt":{"rendered":"<p>Furadeira de martelo TECCPO<\/p>\n","protected":false},"featured_media":1316,"template":"","meta":[],"product_cat":[58],"product_tag":[],"jetpack_sharing_enabled":true,"_links":{"self":[{"href":"https:\/\/benigal.eu\/index.php\/wp-json\/wp\/v2\/product\/1314"}],"collection":[{"href":"https:\/\/benigal.eu\/index.php\/wp-json\/wp\/v2\/product"}],"about":[{"href":"https:\/\/benigal.eu\/index.php\/wp-json\/wp\/v2\/types\/product"}],"wp:featuredmedia":[{"embeddable":true,"href":"https:\/\/benigal.eu\/index.php\/wp-json\/wp\/v2\/media\/1316"}],"wp:attachment":[{"href":"https:\/\/benigal.eu\/index.php\/wp-json\/wp\/v2\/media?parent=1314"}],"wp:term":[{"taxonomy":"product_cat","embeddable":true,"href":"https:\/\/benigal.eu\/index.php\/wp-json\/wp\/v2\/product_cat?post=1314"},{"taxonomy":"product_tag","embeddable":true,"href":"https:\/\/benigal.eu\/index.php\/wp-json\/wp\/v2\/product_tag?post=1314"}],"curies":[{"name":"wp","href":"https:\/\/api.w.org\/{rel}","templated":true}]}}