{"id":1324,"date":"2023-09-17T21:39:26","date_gmt":"2023-09-17T21:39:26","guid":{"rendered":"https:\/\/benigal.eu\/?post_type=product&#038;p=1324"},"modified":"2024-03-02T12:47:06","modified_gmt":"2024-03-02T12:47:06","slug":"nivel-laser-hychika-nivelador-2-linhas-com-suporte-magnetico","status":"publish","type":"product","link":"https:\/\/benigal.eu\/index.php\/product\/nivel-laser-hychika-nivelador-2-linhas-com-suporte-magnetico\/","title":{"rendered":"N\u00edvel Laser Hychika Nivelador 2 Linhas com suporte magn\u00e9tico"},"content":{"rendered":"<p>Hychika, N\u00edvel Laser, 15 m, nivelador laser cruzado, com autonivelante duplo laser, m\u00f3dulo linhas (linha simples ou dupla, 120\u00b0), horizontal\/vertical, IP54 com suporte magn\u00e9tico, 360\u00b0 rota\u00e7\u00e3o<\/p>\n<p>Conte\u00fado da embalagem:<br \/>\n1 x Hychika N\u00edvel Laser Cruzado<br \/>\n1 x Suporte magn\u00e9tico<br \/>\n1 x Bolsa<br \/>\n1 x Manual do Utilizador<br \/>\n2 x Pilhas AA<\/p>\n<p>M\u00f3dulo Laser Duplo atende \u00e0s suas diferentes necessidades, pode alternar entre linhas simples e duplas, tem maior brilho e menor consumo de energia.<br \/>\nLonga vida \u00fatil da bateria: vida \u00fatil cont\u00ednua de mais de 20 horas. Nivela\u00e7\u00e3o autom\u00e1tica inteligente: o \u00e2ngulo de inclina\u00e7\u00e3o \u00e9 \u2264 4 \u00b0, e o laser nivela-se automaticamente.<br \/>\nVasta gama de utiliza\u00e7\u00f5es: adequado para nivelar pisos, portas e janelas, coloca\u00e7\u00e3o de azulejos, etc.<\/p>\n<p>Especifica\u00e7\u00e3o:<br \/>\nMarca: Hychika.<br \/>\nModelo: LL-2R10C.<br \/>\nLargura da linha laser: 3 mm.<br \/>\nDura\u00e7\u00e3o da bateria: 20 h.<br \/>\nTempo de autonivela\u00e7\u00e3o: 6 s<br \/>\nDist\u00e2ncia da medi\u00e7\u00e3o laser: 15 m.<br \/>\nPrecis\u00e3o de nivelamento: 0,9 mm \/ m.<br \/>\nClasse de laser: Classe 2, pot\u00eancia de sa\u00edda 1 MW.<br \/>\nIntervalo de compensa\u00e7\u00e3o: 4 \u00b0 \u00b1 1 \u00b0.<br \/>\nPeso do produto: 235 g.<br \/>\nPeso da embalagem: 514 g.<br \/>\nDimens\u00f5es do produto: 8,6 x 7,1 x 5,6 cm.<\/p>\n","protected":false},"excerpt":{"rendered":"<p>Hychika, N\u00edvel Laser, 15 m<\/p>\n","protected":false},"featured_media":1325,"template":"","meta":[],"product_cat":[58],"product_tag":[],"jetpack_sharing_enabled":true,"_links":{"self":[{"href":"https:\/\/benigal.eu\/index.php\/wp-json\/wp\/v2\/product\/1324"}],"collection":[{"href":"https:\/\/benigal.eu\/index.php\/wp-json\/wp\/v2\/product"}],"about":[{"href":"https:\/\/benigal.eu\/index.php\/wp-json\/wp\/v2\/types\/product"}],"wp:featuredmedia":[{"embeddable":true,"href":"https:\/\/benigal.eu\/index.php\/wp-json\/wp\/v2\/media\/1325"}],"wp:attachment":[{"href":"https:\/\/benigal.eu\/index.php\/wp-json\/wp\/v2\/media?parent=1324"}],"wp:term":[{"taxonomy":"product_cat","embeddable":true,"href":"https:\/\/benigal.eu\/index.php\/wp-json\/wp\/v2\/product_cat?post=1324"},{"taxonomy":"product_tag","embeddable":true,"href":"https:\/\/benigal.eu\/index.php\/wp-json\/wp\/v2\/product_tag?post=1324"}],"curies":[{"name":"wp","href":"https:\/\/api.w.org\/{rel}","templated":true}]}}