{"id":1340,"date":"2023-09-17T22:13:30","date_gmt":"2023-09-17T22:13:30","guid":{"rendered":"https:\/\/benigal.eu\/?post_type=product&#038;p=1340"},"modified":"2024-03-02T12:19:00","modified_gmt":"2024-03-02T12:19:00","slug":"esponja-de-lixadeira-abrasiva-bosch-professional-s471","status":"publish","type":"product","link":"https:\/\/benigal.eu\/index.php\/product\/esponja-de-lixadeira-abrasiva-bosch-professional-s471\/","title":{"rendered":"Esponja de lixadeira abrasiva Bosch Professional S471"},"content":{"rendered":"<p>Bosch Professional S471 Medium Esponja abrasiva para superf\u00edcies e bordas, cinzento\/laranja, m\u00e9dio.<\/p>\n<p>Lixa de gr\u00e3o m\u00e9dio para lixar superf\u00edcies diversas, planas ou em bordas, \u00e0 m\u00e3o.<\/p>\n<p>Para remover facilmente os res\u00edduos de material superfice de trabalho.<\/p>\n<p>Cor laranja na espuma para facilitar a identifica\u00e7\u00e3o da remo\u00e7\u00e3o da aplica\u00e7\u00e3o.<\/p>\n<p>Lav\u00e1vel e reutiliz\u00e1vel repetidamente.<\/p>\n<p>Salto coberto de quatro lados com gr\u00e3o abrasivo resistente a quebras.<\/p>\n<p>A estrutura aberta impede o entupimento.<\/p>\n<p>Sem solventes, o que evita sujar a superf\u00edcie.<\/p>\n","protected":false},"excerpt":{"rendered":"<p>Bosch Professional S471 Medium Esponja abrasiva para superf\u00edcies e bordas, cinzento\/laranja, m\u00e9dio.<\/p>\n","protected":false},"featured_media":1347,"template":"","meta":[],"product_cat":[58],"product_tag":[],"jetpack_sharing_enabled":true,"_links":{"self":[{"href":"https:\/\/benigal.eu\/index.php\/wp-json\/wp\/v2\/product\/1340"}],"collection":[{"href":"https:\/\/benigal.eu\/index.php\/wp-json\/wp\/v2\/product"}],"about":[{"href":"https:\/\/benigal.eu\/index.php\/wp-json\/wp\/v2\/types\/product"}],"wp:featuredmedia":[{"embeddable":true,"href":"https:\/\/benigal.eu\/index.php\/wp-json\/wp\/v2\/media\/1347"}],"wp:attachment":[{"href":"https:\/\/benigal.eu\/index.php\/wp-json\/wp\/v2\/media?parent=1340"}],"wp:term":[{"taxonomy":"product_cat","embeddable":true,"href":"https:\/\/benigal.eu\/index.php\/wp-json\/wp\/v2\/product_cat?post=1340"},{"taxonomy":"product_tag","embeddable":true,"href":"https:\/\/benigal.eu\/index.php\/wp-json\/wp\/v2\/product_tag?post=1340"}],"curies":[{"name":"wp","href":"https:\/\/api.w.org\/{rel}","templated":true}]}}