{"id":1348,"date":"2023-09-17T22:20:42","date_gmt":"2023-09-17T22:20:42","guid":{"rendered":"https:\/\/benigal.eu\/?post_type=product&#038;p=1348"},"modified":"2024-03-02T12:32:42","modified_gmt":"2024-03-02T12:32:42","slug":"pregadora-de-parafusos-mannesmann-com-6000-pecas","status":"publish","type":"product","link":"https:\/\/benigal.eu\/index.php\/product\/pregadora-de-parafusos-mannesmann-com-6000-pecas\/","title":{"rendered":"Pregadora de Parafusos Mannesmann com 6000 pe\u00e7as"},"content":{"rendered":"<p>Pregadora pneum\u00e1tico ligado a compressores<br \/>\nPress\u00e3o operacional 4-8 bar<br \/>\nConsumo de ar 0,6 l \/ dose<br \/>\nCarregador &#8211; capacidade 100 pontas<br \/>\nPr\u00e1tica camada de pl\u00e1stico com 500 pontas com cabe\u00e7a de 30 mm.<\/p>\n<p>Fabrico Alem\u00e3o<\/p>\n","protected":false},"excerpt":{"rendered":"<p>Pregadora de Parafusos Mannesmann<\/p>\n","protected":false},"featured_media":1349,"template":"","meta":[],"product_cat":[58],"product_tag":[],"jetpack_sharing_enabled":true,"_links":{"self":[{"href":"https:\/\/benigal.eu\/index.php\/wp-json\/wp\/v2\/product\/1348"}],"collection":[{"href":"https:\/\/benigal.eu\/index.php\/wp-json\/wp\/v2\/product"}],"about":[{"href":"https:\/\/benigal.eu\/index.php\/wp-json\/wp\/v2\/types\/product"}],"wp:featuredmedia":[{"embeddable":true,"href":"https:\/\/benigal.eu\/index.php\/wp-json\/wp\/v2\/media\/1349"}],"wp:attachment":[{"href":"https:\/\/benigal.eu\/index.php\/wp-json\/wp\/v2\/media?parent=1348"}],"wp:term":[{"taxonomy":"product_cat","embeddable":true,"href":"https:\/\/benigal.eu\/index.php\/wp-json\/wp\/v2\/product_cat?post=1348"},{"taxonomy":"product_tag","embeddable":true,"href":"https:\/\/benigal.eu\/index.php\/wp-json\/wp\/v2\/product_tag?post=1348"}],"curies":[{"name":"wp","href":"https:\/\/api.w.org\/{rel}","templated":true}]}}