{"id":1353,"date":"2023-09-17T22:25:23","date_gmt":"2023-09-17T22:25:23","guid":{"rendered":"https:\/\/benigal.eu\/?post_type=product&#038;p=1353"},"modified":"2024-03-02T12:36:49","modified_gmt":"2024-03-02T12:36:49","slug":"coletor-magnetico-housolution-4-garras","status":"publish","type":"product","link":"https:\/\/benigal.eu\/index.php\/product\/coletor-magnetico-housolution-4-garras\/","title":{"rendered":"Coletor Magn\u00e9tico Housolution 4 Garras"},"content":{"rendered":"<p>Coletor magn\u00e9tico de quatro garrafas, barra de recolha de mangueira flex\u00edvel com luz LED, ferramenta de ajuda flex\u00edvel e longa para recolha de lixo &#8211; Cor vermelho.<\/p>\n<p>Esta ferramenta de ader\u00eancia \u00e9 amplamente utilizada em esgotos, sanit\u00e1rios, lixo, acess\u00f3rios de parafusos de suc\u00e7\u00e3o de oficina de repara\u00e7\u00e3o de autom\u00f3veis e ferramentas, etc.<\/p>\n<p>Forte poder magn\u00e9tico torna o peso m\u00e1ximo de ader\u00eancia at\u00e9 3Ib. O tubo de metal flex\u00edvel tem uma boa tenacidade que pode ser dobrado livremente. O di\u00e2metro da mangueira \u00e9 de 2,5 cm \/ 0,99 &#8220;. \u00c9 perfeito para reunir itens pequenos em espa\u00e7os estreitos.<\/p>\n<p>N\u00e3o \u00e9 f\u00e1cil de aquecer: O di\u00e2metro m\u00e1ximo da abertura de quatro garras \u00e9 de cerca de 2,8 cm \/ 1,10&#8221;. \u00c9 f\u00e1cil segurar uma variedade de pequenos objetos e fazer com que o agarre firmemente para evitar que caia acidentalmente quando levantar algo.<\/p>\n<p>F\u00e1cil de usar: Estrutura em liga de a\u00e7o de uma pe\u00e7a \u00fanica, e al\u00e7a de tipo empurr\u00e3o el\u00e1stico na extremidade, que \u00e9 f\u00e1cil de agarrar e confort\u00e1vel de operar. A extremidade frontal do cabo pode segurar facilmente o objeto com as quatro garras retr\u00e1tis.<\/p>\n<p>Luz LED: vem com luzes LED na al\u00e7a que controla o bot\u00e3o preto, aumenta o brilho da luz escura e a ilumina\u00e7\u00e3o LED funciona com 3 pilhas LR44 (n\u00e3o inclu\u00eddas).<\/p>\n","protected":false},"excerpt":{"rendered":"<p>Housolution Coletor magn\u00e9tico de quatro garras<\/p>\n","protected":false},"featured_media":1354,"template":"","meta":[],"product_cat":[62,58],"product_tag":[],"jetpack_sharing_enabled":true,"_links":{"self":[{"href":"https:\/\/benigal.eu\/index.php\/wp-json\/wp\/v2\/product\/1353"}],"collection":[{"href":"https:\/\/benigal.eu\/index.php\/wp-json\/wp\/v2\/product"}],"about":[{"href":"https:\/\/benigal.eu\/index.php\/wp-json\/wp\/v2\/types\/product"}],"wp:featuredmedia":[{"embeddable":true,"href":"https:\/\/benigal.eu\/index.php\/wp-json\/wp\/v2\/media\/1354"}],"wp:attachment":[{"href":"https:\/\/benigal.eu\/index.php\/wp-json\/wp\/v2\/media?parent=1353"}],"wp:term":[{"taxonomy":"product_cat","embeddable":true,"href":"https:\/\/benigal.eu\/index.php\/wp-json\/wp\/v2\/product_cat?post=1353"},{"taxonomy":"product_tag","embeddable":true,"href":"https:\/\/benigal.eu\/index.php\/wp-json\/wp\/v2\/product_tag?post=1353"}],"curies":[{"name":"wp","href":"https:\/\/api.w.org\/{rel}","templated":true}]}}