{"id":1432,"date":"2023-09-18T14:53:34","date_gmt":"2023-09-18T14:53:34","guid":{"rendered":"https:\/\/benigal.eu\/?post_type=product&#038;p=1432"},"modified":"2023-12-29T18:13:58","modified_gmt":"2023-12-29T18:13:58","slug":"brinquedo-pop-it-anti-estres-terapeutico-push-pop-bubble-game","status":"publish","type":"product","link":"https:\/\/benigal.eu\/index.php\/product\/brinquedo-pop-it-anti-estres-terapeutico-push-pop-bubble-game\/","title":{"rendered":"Brinquedo Pop It Push Pop Bubble Game"},"content":{"rendered":"<p>Pop It.\u00a0 Brinquedo anti estresse sensorial jogo explodir bolhas ansiedade Fidget crian\u00e7as necessidades especiais relaxantes adultos original divertido Push Pop Bubble Game<\/p>\n<p>Cor: Amarelo<\/p>\n<p>Este \u00e9 o produto original do fabricante. Quem n\u00e3o gosta de explodir bolhas? Pressione a bolha e aproveite o Pop!<\/p>\n<p>Jogo t\u00e1til tipo fidget de estimula\u00e7\u00e3o sensorial especial para estimular crian\u00e7as (3 anos) com autismo (TEA), ansiedade, d\u00e9ficit de aten\u00e7\u00e3o e hiperatividade (TDAH), problemas motores, defici\u00eancia e necessidades especiais. Ideal para viagens de carro.<\/p>\n<p>Material 100 % seguro: Silicone de primeira qualidade n\u00e3o t\u00f3xico. Higi\u00e9nico, lav\u00e1vel e feito de material recicl\u00e1vel.<\/p>\n<p>Constru\u00e7\u00e3o Presente original para adultos: Controla o stress e a ansiedade com este brinquedo para homens e mulheres.<\/p>\n<p>\u00d3timo para aqueles momentos de agita\u00e7\u00e3o no escrit\u00f3rio.<\/p>\n","protected":false},"excerpt":{"rendered":"<p>Brinquedo Pop It anti estres \/ terap\u00eautico \/ Push Pop Bubble Game<\/p>\n","protected":false},"featured_media":1572,"template":"","meta":[],"product_cat":[60,56],"product_tag":[],"jetpack_sharing_enabled":true,"_links":{"self":[{"href":"https:\/\/benigal.eu\/index.php\/wp-json\/wp\/v2\/product\/1432"}],"collection":[{"href":"https:\/\/benigal.eu\/index.php\/wp-json\/wp\/v2\/product"}],"about":[{"href":"https:\/\/benigal.eu\/index.php\/wp-json\/wp\/v2\/types\/product"}],"wp:featuredmedia":[{"embeddable":true,"href":"https:\/\/benigal.eu\/index.php\/wp-json\/wp\/v2\/media\/1572"}],"wp:attachment":[{"href":"https:\/\/benigal.eu\/index.php\/wp-json\/wp\/v2\/media?parent=1432"}],"wp:term":[{"taxonomy":"product_cat","embeddable":true,"href":"https:\/\/benigal.eu\/index.php\/wp-json\/wp\/v2\/product_cat?post=1432"},{"taxonomy":"product_tag","embeddable":true,"href":"https:\/\/benigal.eu\/index.php\/wp-json\/wp\/v2\/product_tag?post=1432"}],"curies":[{"name":"wp","href":"https:\/\/api.w.org\/{rel}","templated":true}]}}