{"id":1434,"date":"2023-09-18T15:08:57","date_gmt":"2023-09-18T15:08:57","guid":{"rendered":"https:\/\/benigal.eu\/?post_type=product&#038;p=1434"},"modified":"2024-09-12T09:42:55","modified_gmt":"2024-09-12T09:42:55","slug":"superthings-superbot-enigma-exclusivo-brinquedo-robot-prenda","status":"publish","type":"product","link":"https:\/\/benigal.eu\/index.php\/product\/superthings-superbot-enigma-exclusivo-brinquedo-robot-prenda\/","title":{"rendered":"SUPERTHINGS Superbot Enigma 1 Kazoom Kid e 1 SuperThing Exclusivos"},"content":{"rendered":"<p>SUPERTHINGS Superbot Enigma \u2013 Robot articulado her\u00f3i com acess\u00f3rios de combate.<\/p>\n<p>1 Kazoom Kid e 1 SuperThing exclusivos<\/p>\n<p>Protege a KABOOM City! Chega o Superbot da Enigma! Defenda a cidade com este novo aliado carregado de energia Kazoom.<\/p>\n<p>Sobrevoe a cidade abrindo as suas asas, sempre alerta para apanhar qualquer malfeitor! E se tocar em combate, atire no seu acess\u00f3rio e derrote os bandidos!<\/p>\n<p>Grande jogabilidade: rob\u00f4 de grande jogabilidade com v\u00e1rias a\u00e7\u00f5es para desenvolver a imagina\u00e7\u00e3o dos mais pequenos. A aventura \u00e9 garantida!<\/p>\n<p>Divers\u00e3o garantida: os SuperThings s\u00e3o objetos quotidianos que ganharam vida e se transformaram em super-her\u00f3is e vil\u00f5es, e vivem todos em Kaboom City.<\/p>\n<p>N\u00famero do modelo \u200e8431618020258<\/p>\n<p>&nbsp;<\/p>\n","protected":false},"excerpt":{"rendered":"<p>Superthings Superbot Enigma, robot articulado her\u00f3i com acess\u00f3rios de combate, 1 Kazoom Kid e 1 SuperZings exclusivos<\/p>\n","protected":false},"featured_media":1460,"template":"","meta":[],"product_cat":[60,56],"product_tag":[],"jetpack_sharing_enabled":true,"_links":{"self":[{"href":"https:\/\/benigal.eu\/index.php\/wp-json\/wp\/v2\/product\/1434"}],"collection":[{"href":"https:\/\/benigal.eu\/index.php\/wp-json\/wp\/v2\/product"}],"about":[{"href":"https:\/\/benigal.eu\/index.php\/wp-json\/wp\/v2\/types\/product"}],"wp:featuredmedia":[{"embeddable":true,"href":"https:\/\/benigal.eu\/index.php\/wp-json\/wp\/v2\/media\/1460"}],"wp:attachment":[{"href":"https:\/\/benigal.eu\/index.php\/wp-json\/wp\/v2\/media?parent=1434"}],"wp:term":[{"taxonomy":"product_cat","embeddable":true,"href":"https:\/\/benigal.eu\/index.php\/wp-json\/wp\/v2\/product_cat?post=1434"},{"taxonomy":"product_tag","embeddable":true,"href":"https:\/\/benigal.eu\/index.php\/wp-json\/wp\/v2\/product_tag?post=1434"}],"curies":[{"name":"wp","href":"https:\/\/api.w.org\/{rel}","templated":true}]}}