{"id":1435,"date":"2023-09-18T15:15:01","date_gmt":"2023-09-18T15:15:01","guid":{"rendered":"https:\/\/benigal.eu\/?post_type=product&#038;p=1435"},"modified":"2023-09-18T20:39:36","modified_gmt":"2023-09-18T20:39:36","slug":"caneta-fonte-caneta-tinteiro-preto-descartaveis-novo-portes-gratis","status":"publish","type":"product","link":"https:\/\/benigal.eu\/index.php\/product\/caneta-fonte-caneta-tinteiro-preto-descartaveis-novo-portes-gratis\/","title":{"rendered":"Caneta Fonte Tinteiro Preto"},"content":{"rendered":"<p>Caneta Fonte \/ Caneta Tinteiro<\/p>\n<p>Cor da tinta Preto<br \/>\nPolegar Falso de 0,6 mm<br \/>\nCertifique-se de inserir o n\u00famero do seu modelo<br \/>\n1400m Escrita<br \/>\nDescart\u00e1vel<br \/>\nSem Dica Scratch.<\/p>\n<p>A tinta \u00e0 base de \u00e1gua usada em cada caneta oferece excelente transfer\u00eancia de cor em cada linha.<\/p>\n<p>Com seu design elegante e moderno, a fonte \u00e9 a escolha perfeita para a escola, faculdade ou escrit\u00f3rio.<\/p>\n<p>Maquiagem com certeza digitando o n\u00famero do modelo.<\/p>\n<p>O inovador sistema de distribui\u00e7\u00e3o de tinta da Zebra fornece um fluxo uniforme e consistente enquanto voc\u00ea digita.<\/p>\n<p>A ponta de a\u00e7o inoxid\u00e1vel de 0,6 mm fornece at\u00e9 uma linha de 1 mm, dependendo da press\u00e3o aplicada.<\/p>\n","protected":false},"excerpt":{"rendered":"<p>Caneta Fonte\/ Caneta Tinteiro Preto Descart\u00e1veis<\/p>\n","protected":false},"featured_media":1446,"template":"","meta":[],"product_cat":[15],"product_tag":[],"jetpack_sharing_enabled":true,"_links":{"self":[{"href":"https:\/\/benigal.eu\/index.php\/wp-json\/wp\/v2\/product\/1435"}],"collection":[{"href":"https:\/\/benigal.eu\/index.php\/wp-json\/wp\/v2\/product"}],"about":[{"href":"https:\/\/benigal.eu\/index.php\/wp-json\/wp\/v2\/types\/product"}],"wp:featuredmedia":[{"embeddable":true,"href":"https:\/\/benigal.eu\/index.php\/wp-json\/wp\/v2\/media\/1446"}],"wp:attachment":[{"href":"https:\/\/benigal.eu\/index.php\/wp-json\/wp\/v2\/media?parent=1435"}],"wp:term":[{"taxonomy":"product_cat","embeddable":true,"href":"https:\/\/benigal.eu\/index.php\/wp-json\/wp\/v2\/product_cat?post=1435"},{"taxonomy":"product_tag","embeddable":true,"href":"https:\/\/benigal.eu\/index.php\/wp-json\/wp\/v2\/product_tag?post=1435"}],"curies":[{"name":"wp","href":"https:\/\/api.w.org\/{rel}","templated":true}]}}