{"id":1457,"date":"2023-09-18T20:47:51","date_gmt":"2023-09-18T20:47:51","guid":{"rendered":"https:\/\/benigal.eu\/?post_type=product&#038;p=1457"},"modified":"2024-12-06T12:02:56","modified_gmt":"2024-12-06T12:02:56","slug":"vela-para-ouvido-cera-de-abelhas-terapeutico-1-unidade","status":"publish","type":"product","link":"https:\/\/benigal.eu\/index.php\/product\/vela-para-ouvido-cera-de-abelhas-terapeutico-1-unidade\/","title":{"rendered":"Vela para ouvido cera de abelhas terap\u00eautico 1 unidade"},"content":{"rendered":"<p>Ingredientes da natureza, feito \u00e0 m\u00e3o com cera de abelha natural e materiais vegetais org\u00e2nicos puros. Liberte o aroma natural proporciona uma experi\u00eancia calmante e relaxante.<\/p>\n<p>Reduza o stress, as velas para os ouvidos s\u00e3o uma cerim\u00f4nia maravilhosa e relaxante que ajuda a acalmar a mente e alivia a cabe\u00e7a e os ouvidos.<\/p>\n<p>Discos resistentes a chamas: bom produto para ajudar a capturar a cera e minimizar a limpeza e o desperd\u00edcio, o uso de seguran\u00e7a.<\/p>\n<p>Seguro de usar: todos incluem uma etiqueta de seguran\u00e7a de linha de queimadura que permite que o cliente saiba quando as velas do cone da orelha foram queimadas em baixa o suficiente. As velas de orelha de cera de abelha em bloco medem aproximadamente 25,4 cm de comprimento. Cada vela de cera de abelha fornece uma queimadura limpa sem obstruir o cone.<\/p>\n","protected":false},"excerpt":{"rendered":"<p>Vela para ouvido cera de abelhas terap\u00eautico orelha sa\u00fade<\/p>\n<p>&nbsp;<\/p>\n","protected":false},"featured_media":1458,"template":"","meta":[],"product_cat":[63],"product_tag":[],"jetpack_sharing_enabled":true,"_links":{"self":[{"href":"https:\/\/benigal.eu\/index.php\/wp-json\/wp\/v2\/product\/1457"}],"collection":[{"href":"https:\/\/benigal.eu\/index.php\/wp-json\/wp\/v2\/product"}],"about":[{"href":"https:\/\/benigal.eu\/index.php\/wp-json\/wp\/v2\/types\/product"}],"wp:featuredmedia":[{"embeddable":true,"href":"https:\/\/benigal.eu\/index.php\/wp-json\/wp\/v2\/media\/1458"}],"wp:attachment":[{"href":"https:\/\/benigal.eu\/index.php\/wp-json\/wp\/v2\/media?parent=1457"}],"wp:term":[{"taxonomy":"product_cat","embeddable":true,"href":"https:\/\/benigal.eu\/index.php\/wp-json\/wp\/v2\/product_cat?post=1457"},{"taxonomy":"product_tag","embeddable":true,"href":"https:\/\/benigal.eu\/index.php\/wp-json\/wp\/v2\/product_tag?post=1457"}],"curies":[{"name":"wp","href":"https:\/\/api.w.org\/{rel}","templated":true}]}}