{"id":1494,"date":"2023-09-18T21:40:02","date_gmt":"2023-09-18T21:40:02","guid":{"rendered":"https:\/\/benigal.eu\/?post_type=product&#038;p=1494"},"modified":"2023-11-21T16:44:44","modified_gmt":"2023-11-21T16:44:44","slug":"superthings-caixa-de-metal-cyber-squad-5-bonecos-copia","status":"publish","type":"product","link":"https:\/\/benigal.eu\/index.php\/product\/superthings-caixa-de-metal-cyber-squad-5-bonecos-copia\/","title":{"rendered":"SUPERTHINGS Caixa de Metal Cyber Squad 5 Bonecos"},"content":{"rendered":"<p>Lata Cyber Squad &#8211; 5 SuperThings her\u00f3is exclusivos que formam a equipa Cyber Squad.<\/p>\n<p>Transporte as suas SUPERTHINGS \u2013 Pode usar a lata para guardar ou transportar os seus SuperThings favoritos.<\/p>\n<p>Divers\u00e3o assegurada: os SuperThings s\u00e3o objetos do dia a dia que ganharam vida e se tornaram super-her\u00f3is e vil\u00f5es e vivem todos na cidade de Kaboom City.<\/p>\n<p>&nbsp;<\/p>\n","protected":false},"excerpt":{"rendered":"<p>SuperThings Lata Cyber Squad cont\u00e9m 5 Superzings exclusivas metalizadas<\/p>\n","protected":false},"featured_media":1496,"template":"","meta":[],"product_cat":[60,56],"product_tag":[],"jetpack_sharing_enabled":true,"_links":{"self":[{"href":"https:\/\/benigal.eu\/index.php\/wp-json\/wp\/v2\/product\/1494"}],"collection":[{"href":"https:\/\/benigal.eu\/index.php\/wp-json\/wp\/v2\/product"}],"about":[{"href":"https:\/\/benigal.eu\/index.php\/wp-json\/wp\/v2\/types\/product"}],"wp:featuredmedia":[{"embeddable":true,"href":"https:\/\/benigal.eu\/index.php\/wp-json\/wp\/v2\/media\/1496"}],"wp:attachment":[{"href":"https:\/\/benigal.eu\/index.php\/wp-json\/wp\/v2\/media?parent=1494"}],"wp:term":[{"taxonomy":"product_cat","embeddable":true,"href":"https:\/\/benigal.eu\/index.php\/wp-json\/wp\/v2\/product_cat?post=1494"},{"taxonomy":"product_tag","embeddable":true,"href":"https:\/\/benigal.eu\/index.php\/wp-json\/wp\/v2\/product_tag?post=1494"}],"curies":[{"name":"wp","href":"https:\/\/api.w.org\/{rel}","templated":true}]}}