{"id":1497,"date":"2023-09-19T09:35:40","date_gmt":"2023-09-19T09:35:40","guid":{"rendered":"https:\/\/benigal.eu\/?post_type=product&#038;p=1497"},"modified":"2024-04-22T15:20:42","modified_gmt":"2024-04-22T15:20:42","slug":"tapa-sol-para-janela-de-carro-viagens-pack-2-raios-uv-verao","status":"publish","type":"product","link":"https:\/\/benigal.eu\/index.php\/product\/tapa-sol-para-janela-de-carro-viagens-pack-2-raios-uv-verao\/","title":{"rendered":"Tapa Sol para Janela de carro Raios UV Pack de 2"},"content":{"rendered":"<p>Tapa Sol para carros, Pack 2 , para janela lateral, prote\u00e7\u00e3o contra raios UV, universal, permite proteger o seu beb\u00e9 e animal de estima\u00e7\u00e3o de queimaduras solares.<\/p>\n<p>Medidas 110*50cm<\/p>\n<p>Universal- Nova tecnologia 2023 material de camada dupla.<\/p>\n<p>Os guarda-s\u00f3is para carro janelas (110 x 50 cm) adaptam-se \u00e0 maioria das molduras de janelas de autom\u00f3veis (portas de autom\u00f3veis menores ou maiores); sendo confort\u00e1vel e compat\u00edvel com as janelas traseiras na maioria dos carros, cami\u00f5es ou SUV padr\u00e3o.<\/p>\n<p>Ideal para viagens ou para a prote\u00e7\u00e3o do dia a dia.<\/p>\n<p>Bloqueio duplo de raios UV.<\/p>\n<p>Reduz a temperatura no autom\u00f3vel: Estas cortinas solares para janelas laterais refletem 99% da luz solar, ajudam de forma eficiente a reduzir a temperatura interna do seu autom\u00f3vel e impedem que os beb\u00e9s, crian\u00e7as, mulheres e animais de estima\u00e7\u00e3o fiquem queimados com o sol. Protegem igualmente a decora\u00e7\u00e3o interior do autom\u00f3vel.<\/p>\n<p>F\u00e1cil de instalar e limpar: Estas cortinas solares para janelas laterais s\u00e3o feitas de malha de nylon de qualidade superior, s\u00e3o muito macias e el\u00e1sticas. Leva 2 minutos para levar para a janela traseira e ajustar as al\u00e7as \u00e0 moldura. Pode remover as cortinas solares a qualquer momento, dobr\u00e1-las numa pequena embalagem e armazen\u00e1-las no porta-luvas.<\/p>\n<p>Continua a permitir a entrada de ar no autom\u00f3vel: Mesmo que as janelas do autom\u00f3vel possuam as nossas cortinas solares poder\u00e1 continuar a subir ou baixar os vidros, permitindo que a brisa passe pelo autom\u00f3vel. Estas cortinas solares bloqueiam eficientemente a luz solar, os mosquitos e o p\u00f3. As pessoas ficam assim mais confort\u00e1veis.<\/p>\n<p>Proporciona um espa\u00e7o de privacidade: Pode ver para fora e apreciar a vista, mas tamb\u00e9m evita que o ambiente interior seja exposto. As cortinas solares oferecem um espa\u00e7o privado para trabalhar ou descansar no autom\u00f3vel.<\/p>\n","protected":false},"excerpt":{"rendered":"<p>Tapa Sol para carros, Pack 2 , para janela lateral, prote\u00e7\u00e3o contra raios UV, universal.<\/p>\n","protected":false},"featured_media":1585,"template":"","meta":[],"product_cat":[60,62],"product_tag":[],"jetpack_sharing_enabled":true,"_links":{"self":[{"href":"https:\/\/benigal.eu\/index.php\/wp-json\/wp\/v2\/product\/1497"}],"collection":[{"href":"https:\/\/benigal.eu\/index.php\/wp-json\/wp\/v2\/product"}],"about":[{"href":"https:\/\/benigal.eu\/index.php\/wp-json\/wp\/v2\/types\/product"}],"wp:featuredmedia":[{"embeddable":true,"href":"https:\/\/benigal.eu\/index.php\/wp-json\/wp\/v2\/media\/1585"}],"wp:attachment":[{"href":"https:\/\/benigal.eu\/index.php\/wp-json\/wp\/v2\/media?parent=1497"}],"wp:term":[{"taxonomy":"product_cat","embeddable":true,"href":"https:\/\/benigal.eu\/index.php\/wp-json\/wp\/v2\/product_cat?post=1497"},{"taxonomy":"product_tag","embeddable":true,"href":"https:\/\/benigal.eu\/index.php\/wp-json\/wp\/v2\/product_tag?post=1497"}],"curies":[{"name":"wp","href":"https:\/\/api.w.org\/{rel}","templated":true}]}}