{"id":1515,"date":"2023-09-19T10:35:19","date_gmt":"2023-09-19T10:35:19","guid":{"rendered":"https:\/\/benigal.eu\/?post_type=product&#038;p=1515"},"modified":"2024-04-04T14:30:28","modified_gmt":"2024-04-04T14:30:28","slug":"bracelete-correia-para-smartwatch-20-mm-samsung-galaxy-huawei","status":"publish","type":"product","link":"https:\/\/benigal.eu\/index.php\/product\/bracelete-correia-para-smartwatch-20-mm-samsung-galaxy-huawei\/","title":{"rendered":"Bracelete Correia para Smartwatch 20 mm Samsung Galaxy Huawei PRETO"},"content":{"rendered":"<p>Bracelete correia para 20 mm rel\u00f3gio, liberta\u00e7\u00e3o r\u00e1pida de silicone suave pulseiras de substitui\u00e7\u00e3o para 20 mm rel\u00f3gio.<\/p>\n<p>Cor: preto.<\/p>\n<p>Modelos compat\u00edveis: Mugust 3 Pack al\u00e7as de silicone de 20 mm com fun\u00e7\u00e3o de liberta\u00e7\u00e3o r\u00e1pida, adequadas para a maioria dos rel\u00f3gios tradicionais e inteligentes, com uma largura padr\u00e3o de 20 mm.<\/p>\n<p>Me\u00e7a a largura de banda do rel\u00f3gio antes de fazer o pedido ou entre em contacto diretamente connosco.<\/p>\n<p>Material premium: Compat\u00edvel com 20 mm correia de silicone suave de alta qualidade, dur\u00e1vel e imperme\u00e1vel, experi\u00eancia de exerc\u00edcio confort\u00e1vel e agrad\u00e1vel \u00e0 pele.<\/p>\n<p>F\u00e1cil de usar: Precisa inserir a agulha nos dois lados da al\u00e7a e desliz\u00e1-la no seu rel\u00f3gio.<\/p>\n<p>A interface do Watch \u00e9 segura e est\u00e1vel. F\u00e1cil de instalar e desbloquear, sem necessidade de ferramenta.<\/p>\n<p>F\u00e1cil de ajustar o comprimento para se adaptar ao seu pulso tamanho \u00fanico. Adapta-se a pulsos de 135 mm a 200 mm (5,3&#8243; &#8211; 7,5&#8243;).<\/p>\n<p>&nbsp;<\/p>\n","protected":false},"excerpt":{"rendered":"<p>Bracelete Correia para Smartwatch 20 mm Samsung Galaxy Huawei Preto<\/p>\n","protected":false},"featured_media":1928,"template":"","meta":[],"product_cat":[15,61,55],"product_tag":[],"jetpack_sharing_enabled":true,"_links":{"self":[{"href":"https:\/\/benigal.eu\/index.php\/wp-json\/wp\/v2\/product\/1515"}],"collection":[{"href":"https:\/\/benigal.eu\/index.php\/wp-json\/wp\/v2\/product"}],"about":[{"href":"https:\/\/benigal.eu\/index.php\/wp-json\/wp\/v2\/types\/product"}],"wp:featuredmedia":[{"embeddable":true,"href":"https:\/\/benigal.eu\/index.php\/wp-json\/wp\/v2\/media\/1928"}],"wp:attachment":[{"href":"https:\/\/benigal.eu\/index.php\/wp-json\/wp\/v2\/media?parent=1515"}],"wp:term":[{"taxonomy":"product_cat","embeddable":true,"href":"https:\/\/benigal.eu\/index.php\/wp-json\/wp\/v2\/product_cat?post=1515"},{"taxonomy":"product_tag","embeddable":true,"href":"https:\/\/benigal.eu\/index.php\/wp-json\/wp\/v2\/product_tag?post=1515"}],"curies":[{"name":"wp","href":"https:\/\/api.w.org\/{rel}","templated":true}]}}