{"id":1517,"date":"2023-09-19T11:04:39","date_gmt":"2023-09-19T11:04:39","guid":{"rendered":"https:\/\/benigal.eu\/?post_type=product&#038;p=1517"},"modified":"2024-03-26T11:23:07","modified_gmt":"2024-03-26T11:23:07","slug":"xiaomi-redmi-airdots-s-tws-bluetooth-5-0-auriculares-novo","status":"publish","type":"product","link":"https:\/\/benigal.eu\/index.php\/product\/xiaomi-redmi-airdots-s-tws-bluetooth-5-0-auriculares-novo\/","title":{"rendered":"Xiaomi Mi True Redmi Airdots S TWS Bluetooth 5.0"},"content":{"rendered":"<p>Xiaomi Mi True Wireless Airdots 2 Auriculares Bluetooth, auriculares sem fios, Bluetooth 5.0, estojo de carregamento magn\u00e9tico, vers\u00e3o global, preto.<\/p>\n<p>Auriculares sem fios e redu\u00e7\u00e3o de ru\u00eddo est\u00e9reo &#8211; Os Redmi Airdots oferecem modos est\u00e9reo e monoaural, equipados com uma unidade din\u00e2mica de 7,2 mm e um sistema inteligente de redu\u00e7\u00e3o de ru\u00eddo para desfrutar da qualidade do som de alta fidelidade, design leve de 4,1 g, ideal para correr enquanto ouve m\u00fasica.<\/p>\n<p>Auriculares desportivos com microfone &#8211; Com auriculares Bluetooth de qualidade superior com microfone incorporado, pode fazer chamadas telef\u00f3nicas facilmente, o sinal de qualidade da chamada \u00e9 est\u00e1vel.<\/p>\n<p>Auriculares Bluetooth 5.0 &#8211; Os Airdots est\u00e3o equipados com chips Bluetooth 5.0, para uma taxa de transfer\u00eancia de dados at\u00e9 2 vezes maior que a gera\u00e7\u00e3o anterior, e uma conex\u00e3o mais r\u00e1pida e mais est\u00e1vel, mais flu\u00edda para ouvir m\u00fasica e relatos de futebol.<\/p>\n<p>Auriculares desportivos \u00e0 prova de \u00e1gua com 3 tamanhos diferentes &#8211; A tecnologia Bluetooth mais avan\u00e7ada substitui os auriculares tradicionais com cabos. Oferecemos auriculares de silicone de 3 tamanhos diferentes (S, M, L), auriculares intra-auriculares que tornam os auriculares est\u00e1veis e confort\u00e1veis durante caminhadas em montanhas e outros exerc\u00edcios.<\/p>\n<p>Bateria de longa dura\u00e7\u00e3o &#8211; Com 4 horas de vida \u00fatil da bateria com um \u00fanico carregamento, 12 horas de vida \u00fatil da bateria com estojo de carregamento, auriculares com bateria de 40 mAh, estojo de carregamento com bateria de 300 mAh. O estojo de carregamento pode carregar os auriculares duas vezes.<\/p>\n","protected":false},"excerpt":{"rendered":"<p>Xiaomi Mi True Wireless Airdots 2 Auriculares Bluetooth, auriculares sem fios, Bluetooth 5.0, estojo de carregamento magn\u00e9tico, vers\u00e3o global, preto<\/p>\n","protected":false},"featured_media":1945,"template":"","meta":[],"product_cat":[15,55],"product_tag":[],"jetpack_sharing_enabled":true,"_links":{"self":[{"href":"https:\/\/benigal.eu\/index.php\/wp-json\/wp\/v2\/product\/1517"}],"collection":[{"href":"https:\/\/benigal.eu\/index.php\/wp-json\/wp\/v2\/product"}],"about":[{"href":"https:\/\/benigal.eu\/index.php\/wp-json\/wp\/v2\/types\/product"}],"wp:featuredmedia":[{"embeddable":true,"href":"https:\/\/benigal.eu\/index.php\/wp-json\/wp\/v2\/media\/1945"}],"wp:attachment":[{"href":"https:\/\/benigal.eu\/index.php\/wp-json\/wp\/v2\/media?parent=1517"}],"wp:term":[{"taxonomy":"product_cat","embeddable":true,"href":"https:\/\/benigal.eu\/index.php\/wp-json\/wp\/v2\/product_cat?post=1517"},{"taxonomy":"product_tag","embeddable":true,"href":"https:\/\/benigal.eu\/index.php\/wp-json\/wp\/v2\/product_tag?post=1517"}],"curies":[{"name":"wp","href":"https:\/\/api.w.org\/{rel}","templated":true}]}}