{"id":1520,"date":"2023-09-19T13:10:36","date_gmt":"2023-09-19T13:10:36","guid":{"rendered":"https:\/\/benigal.eu\/?post_type=product&#038;p=1520"},"modified":"2023-09-22T16:19:25","modified_gmt":"2023-09-22T16:19:25","slug":"pesos-de-calibracao-precisao-10-mg-ate-100-g-para-balancas-17-pecas","status":"publish","type":"product","link":"https:\/\/benigal.eu\/index.php\/product\/pesos-de-calibracao-precisao-10-mg-ate-100-g-para-balancas-17-pecas\/","title":{"rendered":"Pesos de calibra\u00e7\u00e3o \/ precis\u00e3o 10 mg ate 100 g"},"content":{"rendered":"<p>Pesos de calibra\u00e7\u00e3o, 17 unidades, 10mg-100g (Total 211,1g), Conjunto de peso de calibra\u00e7\u00e3o de precis\u00e3o, Pesos de teste de a\u00e7o inoxid\u00e1vel para balan\u00e7as digitais de bolso.<\/p>\n<p>Peso de calibra\u00e7\u00e3o &#8211; O peso de calibra\u00e7\u00e3o do ferro consiste em 17 unidades de peso e um compasso.<\/p>\n<p>Inclui : 1 x 100 g, 1 x 50 g, 2 x 20 g, 1 x 10 g, 1 x 5 g, 2 x 2 g, 1 x 1 g, 1 x 500 mg, 2 x 200 mg, 1 x 100 mg , 1 x 50 mg, 2 x 20 mg, 1 mg, 1 mg, 1 mg, 1 mg, 1 mg, 1 mg, 1 mg, 1 x 1 mg, 1 x 1 x 1 x 1 x 1 mg, 10 mg (Uma ampla gama de peso de ferro de calibra\u00e7\u00e3o 10mg-100g.<\/p>\n<p>Fun\u00e7\u00e3o de calibra\u00e7\u00e3o: O peso \u00e9 perfeito para joias de ervas, pedras preciosas, escadas, tamanho de bolso, balan\u00e7a de cozinha, produtos qu\u00edmicos e outras coisas.<\/p>\n<p>Pode ser usado para laborat\u00f3rio, aluno, amante, etc.<\/p>\n<p>Vantagens: Este peso \u00e9 muito leve, compacto e o peso total \u00e9 de aproximadamente 211,1 g, voc\u00ea pode carreg\u00e1-lo nele e \u00e9 muito confort\u00e1vel.<\/p>\n<p>Este conjunto de 2 pesos de balanceamento vem com uma bolsa de armazenamento, f\u00e1cil de guardar e transportar, pode proteger o produto com seguran\u00e7a no estojo e sem danos.<\/p>\n<p>Do hardware: O peso do conjunto de balanceamento \u00e9 de a\u00e7o inoxid\u00e1vel, dur\u00e1vel e inoxid\u00e1vel.<\/p>\n<p>Com tecnologia refinada sem falhas, mas certamente h\u00e1 um pequeno erro de +\/- 0,003g, o que \u00e9 normal.<\/p>\n<p>Tem uma apar\u00eancia brilhante e elegante.<\/p>\n","protected":false},"excerpt":{"rendered":"<p>Pesos da balan\u00e7a de joalharia, 17 pe\u00e7as 211,1 g 10 mg-100 g gramas conjunto de pesos de calibra\u00e7\u00e3o de precis\u00e3o balan\u00e7a de joalharia de teste<\/p>\n","protected":false},"featured_media":1956,"template":"","meta":[],"product_cat":[62,58,55],"product_tag":[],"jetpack_sharing_enabled":true,"_links":{"self":[{"href":"https:\/\/benigal.eu\/index.php\/wp-json\/wp\/v2\/product\/1520"}],"collection":[{"href":"https:\/\/benigal.eu\/index.php\/wp-json\/wp\/v2\/product"}],"about":[{"href":"https:\/\/benigal.eu\/index.php\/wp-json\/wp\/v2\/types\/product"}],"wp:featuredmedia":[{"embeddable":true,"href":"https:\/\/benigal.eu\/index.php\/wp-json\/wp\/v2\/media\/1956"}],"wp:attachment":[{"href":"https:\/\/benigal.eu\/index.php\/wp-json\/wp\/v2\/media?parent=1520"}],"wp:term":[{"taxonomy":"product_cat","embeddable":true,"href":"https:\/\/benigal.eu\/index.php\/wp-json\/wp\/v2\/product_cat?post=1520"},{"taxonomy":"product_tag","embeddable":true,"href":"https:\/\/benigal.eu\/index.php\/wp-json\/wp\/v2\/product_tag?post=1520"}],"curies":[{"name":"wp","href":"https:\/\/api.w.org\/{rel}","templated":true}]}}