{"id":1524,"date":"2023-09-19T14:34:05","date_gmt":"2023-09-19T14:34:05","guid":{"rendered":"https:\/\/benigal.eu\/?post_type=product&#038;p=1524"},"modified":"2025-04-23T15:06:40","modified_gmt":"2025-04-23T15:06:40","slug":"radio-rt5r-walkie-talkie-5-watts-vhf-uhf-long-range-retevis","status":"publish","type":"product","link":"https:\/\/benigal.eu\/index.php\/product\/radio-rt5r-walkie-talkie-5-watts-vhf-uhf-long-range-retevis\/","title":{"rendered":"R\u00e1dio RT5R Retevis Walkie Talkie 5 watts vhf\/uhf"},"content":{"rendered":"<p>R\u00e1dio Retevis RT5R Walkie Talkie 5 watts vhf\/uhf LONG RANGE<br \/>\nO Pacote Inclu\u00ed:<br \/>\n1 x presilha para cinto<br \/>\n1 x tipoia<br \/>\n1 x Retevis RT5R Walkie Talkie<br \/>\n1 x carregador USB<br \/>\n1 x manual do usu\u00e1rio<br \/>\n1 x antena<br \/>\n1 x bateria de \u00edon de l\u00edtio de 1400mAh<\/p>\n<p>Walkie-talkie f\u00e1cil de usar; r\u00e1dio port\u00e1til amador; banda dupla de espera; 128 canais e 50CTCSS \/ 105DCS.<\/p>\n<p>Walkie Talkie VOX; n\u00e3o precisa pressionar o walkie-talkie; transmiss\u00e3o de sinal de ativa\u00e7\u00e3o por voz; liberta completamente as suas m\u00e3os.<\/p>\n<p>Capacidade da bateria 1400 mAh; uso normal 12 &#8211; 14 h. Tempo de espera; o modo de poupan\u00e7a de energia faz com que o RT5R dure mais tempo. Satisfaz as necessidades di\u00e1rias<\/p>\n<p>Walkie-talkie de longo alcance; a antena de alto ganho fornece uma ampla gama de sinal; a faixa pode ser expandida ainda mais conectando-se a um repetidor.<\/p>\n<p>TOT; bloqueio de teclado; alarme de bateria fraca; LED; DTMF; fun\u00e7\u00e3o de r\u00e1dio FM; todas as fun\u00e7\u00f5es podem ser abertas atrav\u00e9s da edi\u00e7\u00e3o de teclado.<\/p>\n<p>Walkie talkie de longa dist\u00e2ncia<br \/>\nBanda de frequ\u00eancia dupla de 2m\/70cm est\u00e1 dispon\u00edvel e antena de alto ganho garante longa dist\u00e2ncia de conversa\u00e7\u00e3o.<\/p>\n<p>Dist\u00e2ncia call-to-city: 1-2,5 km<\/p>\n<p>Dist\u00e2ncia de chamada ao ar livre: 2-5km<\/p>\n<p>Use RT5R para se conectar ao repetidor local, que pode aumentar muito a dist\u00e2ncia da chamada.<\/p>\n<p>&nbsp;<\/p>\n<p>&nbsp;<\/p>\n","protected":false},"excerpt":{"rendered":"<p>Walkie Talkie profissional, faixa dupla longa alcance 2 vias r\u00e1dio com carregador USB, 128 canais r\u00e1dio VOX FM transmissor port\u00e1til de m\u00e3o para armazenamento, ca\u00e7a.<\/p>\n","protected":false},"featured_media":1991,"template":"","meta":[],"product_cat":[59,55],"product_tag":[],"jetpack_sharing_enabled":true,"_links":{"self":[{"href":"https:\/\/benigal.eu\/index.php\/wp-json\/wp\/v2\/product\/1524"}],"collection":[{"href":"https:\/\/benigal.eu\/index.php\/wp-json\/wp\/v2\/product"}],"about":[{"href":"https:\/\/benigal.eu\/index.php\/wp-json\/wp\/v2\/types\/product"}],"wp:featuredmedia":[{"embeddable":true,"href":"https:\/\/benigal.eu\/index.php\/wp-json\/wp\/v2\/media\/1991"}],"wp:attachment":[{"href":"https:\/\/benigal.eu\/index.php\/wp-json\/wp\/v2\/media?parent=1524"}],"wp:term":[{"taxonomy":"product_cat","embeddable":true,"href":"https:\/\/benigal.eu\/index.php\/wp-json\/wp\/v2\/product_cat?post=1524"},{"taxonomy":"product_tag","embeddable":true,"href":"https:\/\/benigal.eu\/index.php\/wp-json\/wp\/v2\/product_tag?post=1524"}],"curies":[{"name":"wp","href":"https:\/\/api.w.org\/{rel}","templated":true}]}}